{"id":7589,"date":"2022-06-13T15:03:47","date_gmt":"2022-06-13T15:03:47","guid":{"rendered":"https:\/\/mallorcagrass.com\/wohnsitz"},"modified":"2024-10-07T06:42:41","modified_gmt":"2024-10-07T06:42:41","slug":"wohnsitz","status":"publish","type":"page","link":"https:\/\/mallorcagrass.com\/de\/wohnsitz","title":{"rendered":"Wohnsitz"},"content":{"rendered":"<p>[et_pb_section fb_built=&#8220;1&#8243; custom_padding_last_edited=&#8220;on|phone&#8220; admin_label=&#8220;Portada&#8220; _builder_version=&#8220;4.17.6&#8243; _module_preset=&#8220;default&#8220; background_enable_color=&#8220;off&#8220; use_background_color_gradient=&#8220;on&#8220; background_color_gradient_stops=&#8220;rgba(0,0,0,0.1) 0%|rgba(0,0,0,0.6) 100%&#8220; background_color_gradient_overlays_image=&#8220;on&#8220; background_image=&#8220;https:\/\/mallorcagrass.com\/wp-content\/uploads\/2022\/08\/residencial-cesped-artificial-mallorca-grass1920x1280.jpg&#8220; custom_padding=&#8220;18vw||18vw||true|false&#8220; custom_padding_tablet=&#8220;36vw||36vw||true|false&#8220; custom_padding_phone=&#8220;30vw||30vw||true|false&#8220; animation_style=&#8220;fade&#8220; global_colors_info=&#8220;{}&#8220;][et_pb_row _builder_version=&#8220;4.17.4&#8243; _module_preset=&#8220;default&#8220; global_colors_info=&#8220;{}&#8220;][et_pb_column type=&#8220;4_4&#8243; _builder_version=&#8220;4.17.4&#8243; _module_preset=&#8220;default&#8220; global_colors_info=&#8220;{}&#8220;][et_pb_text admin_label=&#8220;Residencial&#8220; _builder_version=&#8220;4.17.4&#8243; _module_preset=&#8220;default&#8220; header_font=&#8220;|600|||||||&#8220; header_font_size=&#8220;80px&#8220; header_letter_spacing=&#8220;-1px&#8220; background_layout=&#8220;dark&#8220; custom_margin=&#8220;||10px||false|false&#8220; animation_style=&#8220;slide&#8220; animation_direction=&#8220;bottom&#8220; animation_delay=&#8220;600ms&#8220; animation_intensity_slide=&#8220;3%&#8220; header_font_size_tablet=&#8220;64px&#8220; header_font_size_phone=&#8220;40px&#8220; header_font_size_last_edited=&#8220;on|phone&#8220; global_colors_info=&#8220;{}&#8220;]<\/p>\n<h1>Wohnsitz<\/h1>\n<p>[\/et_pb_text][et_pb_text _builder_version=&#8220;4.17.4&#8243; _module_preset=&#8220;default&#8220; text_font_size=&#8220;20px&#8220; text_line_height=&#8220;1.1em&#8220; background_layout=&#8220;dark&#8220; animation_style=&#8220;slide&#8220; animation_direction=&#8220;bottom&#8220; animation_delay=&#8220;800ms&#8220; animation_intensity_slide=&#8220;3%&#8220; global_colors_info=&#8220;{}&#8220;]Kunstrasen f\u00fcr Ihren heimischen Garten.[\/et_pb_text][\/et_pb_column][\/et_pb_row][et_pb_row column_structure=&#8220;1_2,1_2&#8243; _builder_version=&#8220;4.21.0&#8243; _module_preset=&#8220;default&#8220; max_width=&#8220;586px&#8220; global_colors_info=&#8220;{}&#8220;][et_pb_column type=&#8220;1_2&#8243; _builder_version=&#8220;4.21.0&#8243; _module_preset=&#8220;default&#8220; global_colors_info=&#8220;{}&#8220;][et_pb_button button_url=&#8220;https:\/\/mallorcagrass.com\/de\/kontakt&#8220; button_text=&#8220;Angebot anfordern&#8220; button_alignment=&#8220;left&#8220; _builder_version=&#8220;4.21.0&#8243; _module_preset=&#8220;default&#8220; custom_button=&#8220;on&#8220; button_text_color=&#8220;#ffffff&#8220; button_bg_color=&#8220;#296354&#8243; button_border_width=&#8220;0px&#8220; button_border_radius=&#8220;25px&#8220; button_icon=&#8220;&#xf0e0;||fa||900&#8243; button_icon_color=&#8220;#ffffff&#8220; button_icon_placement=&#8220;left&#8220; button_on_hover=&#8220;off&#8220; background_layout=&#8220;dark&#8220; global_colors_info=&#8220;{}&#8220;][\/et_pb_button][\/et_pb_column][et_pb_column type=&#8220;1_2&#8243; _builder_version=&#8220;4.21.0&#8243; _module_preset=&#8220;default&#8220; global_colors_info=&#8220;{}&#8220;][et_pb_button button_url=&#8220;tel:+34646828993&#8243; button_text=&#8220;+34 646 828 993&#8243; button_alignment=&#8220;left&#8220; _builder_version=&#8220;4.25.1&#8243; _module_preset=&#8220;default&#8220; custom_button=&#8220;on&#8220; button_text_color=&#8220;#ffffff&#8220; button_bg_color=&#8220;#296354&#8243; button_border_width=&#8220;0px&#8220; button_border_radius=&#8220;25px&#8220; button_icon=&#8220;&#xe00b;||divi||400&#8243; button_icon_color=&#8220;#ffffff&#8220; button_icon_placement=&#8220;left&#8220; button_on_hover=&#8220;off&#8220; background_layout=&#8220;dark&#8220; hover_enabled=&#8220;0&#8243; global_colors_info=&#8220;{}&#8220; sticky_enabled=&#8220;0&#8243;][\/et_pb_button][\/et_pb_column][\/et_pb_row][\/et_pb_section][et_pb_section fb_built=&#8220;1&#8243; custom_padding_last_edited=&#8220;on|desktop&#8220; _builder_version=&#8220;4.17.6&#8243; _module_preset=&#8220;default&#8220; custom_padding=&#8220;100px||100px||true|false&#8220; custom_padding_tablet=&#8220;40px||||false|false&#8220; custom_padding_phone=&#8220;20px||||false|false&#8220; global_colors_info=&#8220;{}&#8220;][et_pb_row column_structure=&#8220;1_2,1_2&#8243; make_equal=&#8220;on&#8220; _builder_version=&#8220;4.17.4&#8243; _module_preset=&#8220;default&#8220; global_colors_info=&#8220;{}&#8220;][et_pb_column type=&#8220;1_2&#8243; _builder_version=&#8220;4.17.4&#8243; _module_preset=&#8220;default&#8220; custom_padding_tablet=&#8220;||40px||false|false&#8220; custom_padding_phone=&#8220;||40px||false|false&#8220; custom_padding_last_edited=&#8220;on|phone&#8220; custom_css_main_element=&#8220;margin:auto;&#8220; global_colors_info=&#8220;{}&#8220;][et_pb_text admin_label=&#8220;Jardines residenciales&#8220; _builder_version=&#8220;4.17.6&#8243; _module_preset=&#8220;default&#8220; header_4_font=&#8220;Inter|600||on|||||&#8220; header_4_text_color=&#8220;#fe9638&#8243; header_4_font_size=&#8220;14px&#8220; header_4_letter_spacing=&#8220;2px&#8220; header_4_line_height=&#8220;1.4em&#8220; custom_margin=&#8220;||0px||false|false&#8220; animation_style=&#8220;slide&#8220; animation_direction=&#8220;bottom&#8220; animation_delay=&#8220;200ms&#8220; animation_intensity_slide=&#8220;3%&#8220; global_colors_info=&#8220;{}&#8220;]<\/p>\n<h4>G\u00e4rten in Wohngebieten<\/h4>\n<p>[\/et_pb_text][et_pb_text admin_label=&#8220;Mejore el aspecto de su vivienda y gane en confort&#8220; _builder_version=&#8220;4.17.6&#8243; _module_preset=&#8220;default&#8220; header_2_font=&#8220;|600|||||||&#8220; header_2_font_size=&#8220;48px&#8220; header_2_letter_spacing=&#8220;-1px&#8220; header_2_line_height=&#8220;1.1em&#8220; width=&#8220;80%&#8220; width_tablet=&#8220;100%&#8220; width_phone=&#8220;100%&#8220; width_last_edited=&#8220;on|phone&#8220; custom_margin=&#8220;||10px||false|false&#8220; animation_style=&#8220;slide&#8220; animation_direction=&#8220;bottom&#8220; animation_delay=&#8220;400ms&#8220; animation_intensity_slide=&#8220;3%&#8220; header_2_font_size_tablet=&#8220;38px&#8220; header_2_font_size_phone=&#8220;28px&#8220; header_2_font_size_last_edited=&#8220;on|phone&#8220; global_colors_info=&#8220;{}&#8220;]<\/p>\n<h2>Verbessern Sie das Aussehen Ihres Hauses und gewinnen Sie an Komfort<\/h2>\n<p>[\/et_pb_text][et_pb_text _builder_version=&#8220;4.17.4&#8243; _module_preset=&#8220;default&#8220; width_tablet=&#8220;100%&#8220; width_phone=&#8220;100%&#8220; width_last_edited=&#8220;on|phone&#8220; animation_style=&#8220;slide&#8220; animation_direction=&#8220;bottom&#8220; animation_delay=&#8220;600ms&#8220; animation_intensity_slide=&#8220;3%&#8220; global_colors_info=&#8220;{}&#8220; width__hover_enabled=&#8220;off|desktop&#8220;]<\/p>\n<p>Verleihen Sie Ihrem Zuhause einen gr\u00fcnen und nat\u00fcrlichen Look.<br \/>\nSein geringer Pflegeaufwand und seine einfache Reinigung machen ihn zu einem idealen Produkt f\u00fcr Innenh\u00f6fe und Terrassen.<br \/>\nEs gibt verschiedene Modelle von Kunstrasen, aus denen Sie w\u00e4hlen k\u00f6nnen.<br \/>\nDie Wahl h\u00e4ngt haupts\u00e4chlich von der Nutzung ab, d.h. f\u00fcr Terrassen mit viel oder wenig Verkehr m\u00fcssen wir das eine oder andere Modell w\u00e4hlen.<br \/>\nEntdecken Sie unten unsere Zierrasenmodelle und nehmen Sie Kontakt mit uns auf.    <\/p>\n<p>[\/et_pb_text][\/et_pb_column][et_pb_column type=&#8220;1_2&#8243; _builder_version=&#8220;4.17.4&#8243; _module_preset=&#8220;default&#8220; global_colors_info=&#8220;{}&#8220;][et_pb_image src=&#8220;https:\/\/mallorcagrass.com\/wp-content\/uploads\/2022\/06\/mallorca-grass-cesped-artificial-exterior1.jpg&#8220; alt=&#8220;mallorca-gras-kunstgras-au\u00dfen1&#8243; title_text=&#8220;mallorca-gras-kunstgras-au\u00dfen1&#8243; _builder_version=&#8220;4.17.6&#8243; _module_preset=&#8220;default&#8220; animation_style=&#8220;slide&#8220; animation_delay=&#8220;800ms&#8220; animation_intensity_slide=&#8220;5%&#8220; global_colors_info=&#8220;{}&#8220;][\/et_pb_image][\/et_pb_column][\/et_pb_row][\/et_pb_section][et_pb_section fb_built=&#8220;1&#8243; _builder_version=&#8220;4.17.6&#8243; _module_preset=&#8220;default&#8220; custom_padding=&#8220;||100px||false|false&#8220; global_colors_info=&#8220;{}&#8220;][et_pb_row _builder_version=&#8220;4.17.6&#8243; _module_preset=&#8220;default&#8220; global_colors_info=&#8220;{}&#8220;][et_pb_column type=&#8220;4_4&#8243; _builder_version=&#8220;4.17.6&#8243; _module_preset=&#8220;default&#8220; global_colors_info=&#8220;{}&#8220;][et_pb_text admin_label=&#8220;Instalaci\u00f3n del c\u00e9sped artificial&#8220; _builder_version=&#8220;4.17.6&#8243; _module_preset=&#8220;default&#8220; header_2_font=&#8220;|600|||||||&#8220; header_2_font_size=&#8220;48px&#8220; header_2_letter_spacing=&#8220;-1px&#8220; header_2_line_height=&#8220;1.1em&#8220; text_orientation=&#8220;center&#8220; width_tablet=&#8220;&#8220; width_phone=&#8220;&#8220; width_last_edited=&#8220;on|desktop&#8220; custom_margin=&#8220;||10px||false|false&#8220; animation_style=&#8220;slide&#8220; animation_direction=&#8220;bottom&#8220; animation_delay=&#8220;400ms&#8220; animation_intensity_slide=&#8220;3%&#8220; header_2_font_size_tablet=&#8220;38px&#8220; header_2_font_size_phone=&#8220;28px&#8220; header_2_font_size_last_edited=&#8220;on|phone&#8220; global_colors_info=&#8220;{}&#8220; width__hover_enabled=&#8220;on|hover&#8220;]<\/p>\n<h2>Verlegung von Kunstrasen<\/h2>\n<p>[\/et_pb_text][\/et_pb_column][\/et_pb_row][et_pb_row column_structure=&#8220;1_2,1_2&#8243; use_custom_gutter=&#8220;on&#8220; _builder_version=&#8220;4.18.0&#8243; _module_preset=&#8220;default&#8220; custom_padding=&#8220;27px|||||&#8220; global_colors_info=&#8220;{}&#8220;][et_pb_column type=&#8220;1_2&#8243; _builder_version=&#8220;4.18.0&#8243; _module_preset=&#8220;default&#8220; background_color=&#8220;#f7f7f7&#8243; animation_style=&#8220;slide&#8220; animation_delay=&#8220;400ms&#8220; animation_intensity_slide=&#8220;5%&#8220; global_colors_info=&#8220;{}&#8220;][et_pb_image src=&#8220;https:\/\/mallorcagrass.com\/wp-content\/uploads\/2022\/09\/instalacion-cesped-artificial-superficie-dura-mallorca-grass800x533.jpg&#8220; alt=&#8220;installation-kunstgras-kunstgras-oberfl\u00e4che-dura-mallorca-gras(800&#215;533)&#8220; title_text=&#8220;installation-kunstgras-kunstgras-oberfl\u00e4che-dura-mallorca-gras(800&#215;533)&#8220; _builder_version=&#8220;4.18.0&#8243; _module_preset=&#8220;default&#8220; global_colors_info=&#8220;{}&#8220;][\/et_pb_image][et_pb_blurb title=&#8220;Harte oder vorbereitete Oberfl\u00e4che&#8220; admin_label=&#8220;Superficie dura o preparada&#8220; _builder_version=&#8220;4.18.0&#8243; _module_preset=&#8220;default&#8220; header_font=&#8220;||||||||&#8220; header_font_size=&#8220;26px&#8220; header_letter_spacing=&#8220;-1px&#8220; custom_padding=&#8220;4%|10%|15%|10%|false|true&#8220; global_colors_info=&#8220;{}&#8220;]<\/p>\n<p>Kunstrasen wird direkt auf jeder Art von Pflasterung verlegt, ohne dass Bauarbeiten oder anderes Material erforderlich sind.<br \/>\nEs ist wichtig zu betonen, dass die Entw\u00e4sserung weiterhin die gleiche sein wird wie die der Fl\u00e4che und dass der Kunstrasen die \u00fcbliche Entw\u00e4sserung nicht beeintr\u00e4chtigt.<br \/>\nMit der Verlegung des Rasens k\u00f6nnen Sie der Fl\u00e4che Farbe verleihen und sie landschaftlich gestalten. Der Gehweg wird verbessert, da er eine bessere Textur und Gl\u00e4tte aufweist und zudem rutschfest ist.  <\/p>\n<p>[\/et_pb_blurb][\/et_pb_column][et_pb_column type=&#8220;1_2&#8243; _builder_version=&#8220;4.18.0&#8243; _module_preset=&#8220;default&#8220; background_color=&#8220;#f7f7f7&#8243; animation_style=&#8220;slide&#8220; animation_delay=&#8220;600ms&#8220; animation_intensity_slide=&#8220;5%&#8220; global_colors_info=&#8220;{}&#8220;][et_pb_image src=&#8220;https:\/\/mallorcagrass.com\/wp-content\/uploads\/2022\/09\/instalacion-cesped-artificial-sobre-tierra-mallorca-grass800x533.jpg&#8220; alt=&#8220;installation-kunstgras-auf-erde-mallorca-gras(800&#215;533)&#8220; title_text=&#8220;installation-kunstgras-auf-erde-mallorca-gras(800&#215;533)&#8220; _builder_version=&#8220;4.18.0&#8243; _module_preset=&#8220;default&#8220; global_colors_info=&#8220;{}&#8220;][\/et_pb_image][et_pb_blurb title=&#8220;Oberirdisch&#8220; admin_label=&#8220;Sobre tierra&#8220; _builder_version=&#8220;4.18.0&#8243; _module_preset=&#8220;default&#8220; header_font=&#8220;||||||||&#8220; header_font_size=&#8220;26px&#8220; header_letter_spacing=&#8220;-1px&#8220; custom_padding=&#8220;4%|8%|15%|8%|false|true&#8220; global_colors_info=&#8220;{}&#8220;]<\/p>\n<p>Zun\u00e4chst wird der vorhandene Mutterboden, sofern vorhanden, abgetragen, dann wird ein nicht r\u00fcckstandsfreies Herbizid aufgetragen und je nach Bodenbeschaffenheit verdichtet, bevor die Zuschlagstoffe hinzugef\u00fcgt werden.<br \/>\nNach der Zugabe der Zuschlagstoffe wird der Boden geebnet und verdichtet, um eine einheitliche Oberfl\u00e4che zu erhalten.<br \/>\nDer n\u00e4chste Schritt besteht darin, die Fl\u00e4che mit einem geotextilen Netz abzudecken, um den Rasen aufzunehmen und eine saubere und professionelle Verlegung zu gew\u00e4hrleisten.  <\/p>\n<p>[\/et_pb_blurb][\/et_pb_column][\/et_pb_row][\/et_pb_section]<\/p>\n","protected":false},"excerpt":{"rendered":"<p>WohnsitzKunstrasen f\u00fcr Ihren heimischen Garten.G\u00e4rten in WohngebietenVerbessern Sie das Aussehen Ihres Hauses und gewinnen Sie an KomfortVerleihen Sie Ihrem Zuhause einen gr\u00fcnen und nat\u00fcrlichen Look. Sein geringer Pflegeaufwand und seine einfache Reinigung machen ihn zu einem idealen Produkt f\u00fcr Innenh\u00f6fe und Terrassen. Es gibt verschiedene Modelle von Kunstrasen, aus denen Sie w\u00e4hlen k\u00f6nnen. Die Wahl [&hellip;]<\/p>\n","protected":false},"author":6,"featured_media":0,"parent":0,"menu_order":0,"comment_status":"closed","ping_status":"closed","template":"","meta":{"_et_pb_use_builder":"on","_et_pb_old_content":"","_et_gb_content_width":"","footnotes":""},"class_list":["post-7589","page","type-page","status-publish","hentry"],"yoast_head":"<!-- This site is optimized with the Yoast SEO plugin v27.4 - https:\/\/yoast.com\/product\/yoast-seo-wordpress\/ -->\n<title>Wohnsitz | Mallorca Grass<\/title>\n<meta name=\"description\" content=\"Verbessern Sie das Aussehen Ihres Hauses und gewinnen Sie an Komfort. Entscheiden Sie sich f\u00fcr Kunstrasen in Wohng\u00e4rten.\" \/>\n<meta name=\"robots\" content=\"index, follow, max-snippet:-1, max-image-preview:large, max-video-preview:-1\" \/>\n<link rel=\"canonical\" href=\"https:\/\/mallorcagrass.com\/de\/wohnsitz\" \/>\n<meta property=\"og:locale\" content=\"de_DE\" \/>\n<meta property=\"og:type\" content=\"article\" \/>\n<meta property=\"og:title\" content=\"Wohnsitz | Mallorca Grass\" \/>\n<meta property=\"og:description\" content=\"Verbessern Sie das Aussehen Ihres Hauses und gewinnen Sie an Komfort. Entscheiden Sie sich f\u00fcr Kunstrasen in Wohng\u00e4rten.\" \/>\n<meta property=\"og:url\" content=\"https:\/\/mallorcagrass.com\/de\/wohnsitz\" \/>\n<meta property=\"og:site_name\" content=\"Mallorca Grass\" \/>\n<meta property=\"article:modified_time\" content=\"2024-10-07T06:42:41+00:00\" \/>\n<meta name=\"twitter:card\" content=\"summary_large_image\" \/>\n<meta name=\"twitter:label1\" content=\"Gesch\u00e4tzte Lesezeit\" \/>\n\t<meta name=\"twitter:data1\" content=\"7\u00a0Minuten\" \/>\n<script type=\"application\/ld+json\" class=\"yoast-schema-graph\">{\"@context\":\"https:\\\/\\\/schema.org\",\"@graph\":[{\"@type\":\"WebPage\",\"@id\":\"https:\\\/\\\/mallorcagrass.com\\\/de\\\/wohnsitz\",\"url\":\"https:\\\/\\\/mallorcagrass.com\\\/de\\\/wohnsitz\",\"name\":\"Wohnsitz | Mallorca Grass\",\"isPartOf\":{\"@id\":\"https:\\\/\\\/mallorcagrass.com\\\/de\\\/#website\"},\"datePublished\":\"2022-06-13T15:03:47+00:00\",\"dateModified\":\"2024-10-07T06:42:41+00:00\",\"description\":\"Verbessern Sie das Aussehen Ihres Hauses und gewinnen Sie an Komfort. Entscheiden Sie sich f\u00fcr Kunstrasen in Wohng\u00e4rten.\",\"breadcrumb\":{\"@id\":\"https:\\\/\\\/mallorcagrass.com\\\/de\\\/wohnsitz#breadcrumb\"},\"inLanguage\":\"de\",\"potentialAction\":[{\"@type\":\"ReadAction\",\"target\":[\"https:\\\/\\\/mallorcagrass.com\\\/de\\\/wohnsitz\"]}]},{\"@type\":\"BreadcrumbList\",\"@id\":\"https:\\\/\\\/mallorcagrass.com\\\/de\\\/wohnsitz#breadcrumb\",\"itemListElement\":[{\"@type\":\"ListItem\",\"position\":1,\"name\":\"Portada\",\"item\":\"https:\\\/\\\/mallorcagrass.com\\\/de\\\/startseite\"},{\"@type\":\"ListItem\",\"position\":2,\"name\":\"Wohnsitz\"}]},{\"@type\":\"WebSite\",\"@id\":\"https:\\\/\\\/mallorcagrass.com\\\/de\\\/#website\",\"url\":\"https:\\\/\\\/mallorcagrass.com\\\/de\\\/\",\"name\":\"Mallorca Grass | C\u00e9sped Artificial en Mallorca\",\"description\":\"\",\"publisher\":{\"@id\":\"https:\\\/\\\/mallorcagrass.com\\\/de\\\/#organization\"},\"potentialAction\":[{\"@type\":\"SearchAction\",\"target\":{\"@type\":\"EntryPoint\",\"urlTemplate\":\"https:\\\/\\\/mallorcagrass.com\\\/de\\\/?s={search_term_string}\"},\"query-input\":{\"@type\":\"PropertyValueSpecification\",\"valueRequired\":true,\"valueName\":\"search_term_string\"}}],\"inLanguage\":\"de\"},{\"@type\":\"Organization\",\"@id\":\"https:\\\/\\\/mallorcagrass.com\\\/de\\\/#organization\",\"name\":\"Mallorca Grass\",\"url\":\"https:\\\/\\\/mallorcagrass.com\\\/de\\\/\",\"logo\":{\"@type\":\"ImageObject\",\"inLanguage\":\"de\",\"@id\":\"https:\\\/\\\/mallorcagrass.com\\\/de\\\/#\\\/schema\\\/logo\\\/image\\\/\",\"url\":\"https:\\\/\\\/mallorcagrass.com\\\/wp-content\\\/uploads\\\/2022\\\/08\\\/Logo_Mallorca-Grass-Verde628x628.jpg\",\"contentUrl\":\"https:\\\/\\\/mallorcagrass.com\\\/wp-content\\\/uploads\\\/2022\\\/08\\\/Logo_Mallorca-Grass-Verde628x628.jpg\",\"width\":628,\"height\":628,\"caption\":\"Mallorca Grass\"},\"image\":{\"@id\":\"https:\\\/\\\/mallorcagrass.com\\\/de\\\/#\\\/schema\\\/logo\\\/image\\\/\"}}]}<\/script>\n<!-- \/ Yoast SEO plugin. -->","yoast_head_json":{"title":"Wohnsitz | Mallorca Grass","description":"Verbessern Sie das Aussehen Ihres Hauses und gewinnen Sie an Komfort. Entscheiden Sie sich f\u00fcr Kunstrasen in Wohng\u00e4rten.","robots":{"index":"index","follow":"follow","max-snippet":"max-snippet:-1","max-image-preview":"max-image-preview:large","max-video-preview":"max-video-preview:-1"},"canonical":"https:\/\/mallorcagrass.com\/de\/wohnsitz","og_locale":"de_DE","og_type":"article","og_title":"Wohnsitz | Mallorca Grass","og_description":"Verbessern Sie das Aussehen Ihres Hauses und gewinnen Sie an Komfort. Entscheiden Sie sich f\u00fcr Kunstrasen in Wohng\u00e4rten.","og_url":"https:\/\/mallorcagrass.com\/de\/wohnsitz","og_site_name":"Mallorca Grass","article_modified_time":"2024-10-07T06:42:41+00:00","twitter_card":"summary_large_image","twitter_misc":{"Gesch\u00e4tzte Lesezeit":"7\u00a0Minuten"},"schema":{"@context":"https:\/\/schema.org","@graph":[{"@type":"WebPage","@id":"https:\/\/mallorcagrass.com\/de\/wohnsitz","url":"https:\/\/mallorcagrass.com\/de\/wohnsitz","name":"Wohnsitz | Mallorca Grass","isPartOf":{"@id":"https:\/\/mallorcagrass.com\/de\/#website"},"datePublished":"2022-06-13T15:03:47+00:00","dateModified":"2024-10-07T06:42:41+00:00","description":"Verbessern Sie das Aussehen Ihres Hauses und gewinnen Sie an Komfort. Entscheiden Sie sich f\u00fcr Kunstrasen in Wohng\u00e4rten.","breadcrumb":{"@id":"https:\/\/mallorcagrass.com\/de\/wohnsitz#breadcrumb"},"inLanguage":"de","potentialAction":[{"@type":"ReadAction","target":["https:\/\/mallorcagrass.com\/de\/wohnsitz"]}]},{"@type":"BreadcrumbList","@id":"https:\/\/mallorcagrass.com\/de\/wohnsitz#breadcrumb","itemListElement":[{"@type":"ListItem","position":1,"name":"Portada","item":"https:\/\/mallorcagrass.com\/de\/startseite"},{"@type":"ListItem","position":2,"name":"Wohnsitz"}]},{"@type":"WebSite","@id":"https:\/\/mallorcagrass.com\/de\/#website","url":"https:\/\/mallorcagrass.com\/de\/","name":"Mallorca Grass | C\u00e9sped Artificial en Mallorca","description":"","publisher":{"@id":"https:\/\/mallorcagrass.com\/de\/#organization"},"potentialAction":[{"@type":"SearchAction","target":{"@type":"EntryPoint","urlTemplate":"https:\/\/mallorcagrass.com\/de\/?s={search_term_string}"},"query-input":{"@type":"PropertyValueSpecification","valueRequired":true,"valueName":"search_term_string"}}],"inLanguage":"de"},{"@type":"Organization","@id":"https:\/\/mallorcagrass.com\/de\/#organization","name":"Mallorca Grass","url":"https:\/\/mallorcagrass.com\/de\/","logo":{"@type":"ImageObject","inLanguage":"de","@id":"https:\/\/mallorcagrass.com\/de\/#\/schema\/logo\/image\/","url":"https:\/\/mallorcagrass.com\/wp-content\/uploads\/2022\/08\/Logo_Mallorca-Grass-Verde628x628.jpg","contentUrl":"https:\/\/mallorcagrass.com\/wp-content\/uploads\/2022\/08\/Logo_Mallorca-Grass-Verde628x628.jpg","width":628,"height":628,"caption":"Mallorca Grass"},"image":{"@id":"https:\/\/mallorcagrass.com\/de\/#\/schema\/logo\/image\/"}}]}},"_links":{"self":[{"href":"https:\/\/mallorcagrass.com\/de\/wp-json\/wp\/v2\/pages\/7589","targetHints":{"allow":["GET"]}}],"collection":[{"href":"https:\/\/mallorcagrass.com\/de\/wp-json\/wp\/v2\/pages"}],"about":[{"href":"https:\/\/mallorcagrass.com\/de\/wp-json\/wp\/v2\/types\/page"}],"author":[{"embeddable":true,"href":"https:\/\/mallorcagrass.com\/de\/wp-json\/wp\/v2\/users\/6"}],"replies":[{"embeddable":true,"href":"https:\/\/mallorcagrass.com\/de\/wp-json\/wp\/v2\/comments?post=7589"}],"version-history":[{"count":0,"href":"https:\/\/mallorcagrass.com\/de\/wp-json\/wp\/v2\/pages\/7589\/revisions"}],"wp:attachment":[{"href":"https:\/\/mallorcagrass.com\/de\/wp-json\/wp\/v2\/media?parent=7589"}],"curies":[{"name":"wp","href":"https:\/\/api.w.org\/{rel}","templated":true}]}}