{"id":7603,"date":"2022-06-17T07:26:10","date_gmt":"2022-06-17T07:26:10","guid":{"rendered":"https:\/\/mallorcagrass.com\/multisport"},"modified":"2024-10-07T06:42:21","modified_gmt":"2024-10-07T06:42:21","slug":"multisport","status":"publish","type":"page","link":"https:\/\/mallorcagrass.com\/de\/multisport","title":{"rendered":"Multisport"},"content":{"rendered":"<p>[et_pb_section fb_built=&#8220;1&#8243; custom_padding_last_edited=&#8220;on|desktop&#8220; admin_label=&#8220;Portada&#8220; _builder_version=&#8220;4.17.6&#8243; _module_preset=&#8220;default&#8220; background_enable_color=&#8220;off&#8220; use_background_color_gradient=&#8220;on&#8220; background_color_gradient_stops=&#8220;rgba(0,0,0,0.1) 0%|rgba(0,0,0,0.6) 100%&#8220; background_color_gradient_overlays_image=&#8220;on&#8220; background_image=&#8220;https:\/\/mallorcagrass.com\/wp-content\/uploads\/2022\/08\/multideporte-gimnasio-cesped-artificial-mallorca-grass1920x1280.jpg&#8220; custom_padding=&#8220;18vw||18vw||true|false&#8220; custom_padding_tablet=&#8220;36vw||36vw||true|false&#8220; custom_padding_phone=&#8220;30vw||30vw||true|false&#8220; animation_style=&#8220;fade&#8220; global_colors_info=&#8220;{}&#8220;][et_pb_row _builder_version=&#8220;4.17.4&#8243; _module_preset=&#8220;default&#8220; global_colors_info=&#8220;{}&#8220;][et_pb_column type=&#8220;4_4&#8243; _builder_version=&#8220;4.17.4&#8243; _module_preset=&#8220;default&#8220; global_colors_info=&#8220;{}&#8220;][et_pb_text admin_label=&#8220;Multideporte&#8220; _builder_version=&#8220;4.17.6&#8243; _module_preset=&#8220;default&#8220; header_font=&#8220;|600|||||||&#8220; header_font_size=&#8220;80px&#8220; header_letter_spacing=&#8220;-1px&#8220; header_line_height=&#8220;1.1em&#8220; background_layout=&#8220;dark&#8220; custom_margin=&#8220;||10px||false|false&#8220; animation_style=&#8220;slide&#8220; animation_direction=&#8220;bottom&#8220; animation_delay=&#8220;600ms&#8220; animation_intensity_slide=&#8220;3%&#8220; header_font_size_tablet=&#8220;64px&#8220; header_font_size_phone=&#8220;40px&#8220; header_font_size_last_edited=&#8220;on|phone&#8220; global_colors_info=&#8220;{}&#8220;]<\/p>\n<h1>Multisport<\/h1>\n<p>[\/et_pb_text][et_pb_text _builder_version=&#8220;4.17.4&#8243; _module_preset=&#8220;default&#8220; text_font_size=&#8220;20px&#8220; text_line_height=&#8220;1.1em&#8220; background_layout=&#8220;dark&#8220; animation_style=&#8220;slide&#8220; animation_direction=&#8220;bottom&#8220; animation_delay=&#8220;800ms&#8220; animation_intensity_slide=&#8220;3%&#8220; global_colors_info=&#8220;{}&#8220;]Installation und Pflege von Kunstrasen f\u00fcr jede Sportart.[\/et_pb_text][\/et_pb_column][\/et_pb_row][et_pb_row column_structure=&#8220;1_2,1_2&#8243; _builder_version=&#8220;4.21.0&#8243; _module_preset=&#8220;default&#8220; max_width=&#8220;586px&#8220; global_colors_info=&#8220;{}&#8220;][et_pb_column type=&#8220;1_2&#8243; _builder_version=&#8220;4.21.0&#8243; _module_preset=&#8220;default&#8220; global_colors_info=&#8220;{}&#8220;][et_pb_button button_url=&#8220;https:\/\/mallorcagrass.com\/de\/kontakt&#8220; button_text=&#8220;Angebot anfordern&#8220; button_alignment=&#8220;left&#8220; _builder_version=&#8220;4.21.0&#8243; _module_preset=&#8220;default&#8220; custom_button=&#8220;on&#8220; button_text_color=&#8220;#ffffff&#8220; button_bg_color=&#8220;#296354&#8243; button_border_width=&#8220;0px&#8220; button_border_radius=&#8220;25px&#8220; button_icon=&#8220;&#xf0e0;||fa||900&#8243; button_icon_color=&#8220;#ffffff&#8220; button_icon_placement=&#8220;left&#8220; button_on_hover=&#8220;off&#8220; background_layout=&#8220;dark&#8220; global_colors_info=&#8220;{}&#8220;][\/et_pb_button][\/et_pb_column][et_pb_column type=&#8220;1_2&#8243; _builder_version=&#8220;4.21.0&#8243; _module_preset=&#8220;default&#8220; global_colors_info=&#8220;{}&#8220;][et_pb_button button_url=&#8220;tel:+34646828993&#8243; button_text=&#8220;+34 646 828 993&#8243; button_alignment=&#8220;left&#8220; _builder_version=&#8220;4.25.1&#8243; _module_preset=&#8220;default&#8220; custom_button=&#8220;on&#8220; button_text_color=&#8220;#ffffff&#8220; button_bg_color=&#8220;#296354&#8243; button_border_width=&#8220;0px&#8220; button_border_radius=&#8220;25px&#8220; button_icon=&#8220;&#xe00b;||divi||400&#8243; button_icon_color=&#8220;#ffffff&#8220; button_icon_placement=&#8220;left&#8220; button_on_hover=&#8220;off&#8220; background_layout=&#8220;dark&#8220; hover_enabled=&#8220;0&#8243; global_colors_info=&#8220;{}&#8220; sticky_enabled=&#8220;0&#8243;][\/et_pb_button][\/et_pb_column][\/et_pb_row][\/et_pb_section][et_pb_section fb_built=&#8220;1&#8243; custom_padding_last_edited=&#8220;on|phone&#8220; admin_label=&#8220;Introducci\u00f3n&#8220; _builder_version=&#8220;4.17.6&#8243; _module_preset=&#8220;default&#8220; background_enable_color=&#8220;off&#8220; custom_padding=&#8220;100px||220px||false|false&#8220; custom_padding_tablet=&#8220;40px||||false|false&#8220; custom_padding_phone=&#8220;20px||||false|false&#8220; collapsed=&#8220;off&#8220; global_colors_info=&#8220;{}&#8220;][et_pb_row column_structure=&#8220;3_5,2_5&#8243; _builder_version=&#8220;4.17.4&#8243; _module_preset=&#8220;default&#8220; global_colors_info=&#8220;{}&#8220;][et_pb_column type=&#8220;3_5&#8243; _builder_version=&#8220;4.17.4&#8243; _module_preset=&#8220;default&#8220; custom_padding_tablet=&#8220;80px||||false|false&#8220; custom_padding_phone=&#8220;0px||||false|false&#8220; custom_padding_last_edited=&#8220;off|desktop&#8220; border_color_all=&#8220;#d3d3d3&#8243; global_colors_info=&#8220;{}&#8220;][et_pb_image src=&#8220;https:\/\/mallorcagrass.com\/wp-content\/uploads\/2022\/06\/mallorca-grass-golf-palo-pelota800x1200.jpg&#8220; alt=&#8220;mallorca-gras-golf-stick-ball(800&#215;1200)&#8220; title_text=&#8220;mallorca-gras-golf-stick-ball(800&#215;1200)&#8220; align=&#8220;right&#8220; _builder_version=&#8220;4.17.6&#8243; _module_preset=&#8220;default&#8220; width=&#8220;40%&#8220; custom_margin=&#8220;|10%|||false|false&#8220; animation_style=&#8220;slide&#8220; animation_delay=&#8220;200ms&#8220; animation_intensity_slide=&#8220;5%&#8220; global_colors_info=&#8220;{}&#8220;][\/et_pb_image][et_pb_image src=&#8220;https:\/\/mallorcagrass.com\/wp-content\/uploads\/2022\/06\/gim2.jpg&#8220; title_text=&#8220;gim2&#8243; _builder_version=&#8220;4.17.6&#8243; _module_preset=&#8220;default&#8220; positioning=&#8220;absolute&#8220; width=&#8220;44%&#8220; custom_margin=&#8220;20%||||false|false&#8220; animation_style=&#8220;slide&#8220; animation_delay=&#8220;400ms&#8220; animation_intensity_slide=&#8220;5%&#8220; global_colors_info=&#8220;{}&#8220;][\/et_pb_image][et_pb_image src=&#8220;https:\/\/mallorcagrass.com\/wp-content\/uploads\/2022\/06\/mallorca-grass-cesped-artificial-futbol-americano800x1200.jpg&#8220; alt=&#8220;mallorca-gras-kunstgras-fussball-amerikanisches-gras(800&#215;1200)&#8220; title_text=&#8220;mallorca-gras-kunstgras-fussball-amerikanisches-gras(800&#215;1200)&#8220; align=&#8220;right&#8220; _builder_version=&#8220;4.17.6&#8243; _module_preset=&#8220;default&#8220; width=&#8220;40%&#8220; animation_style=&#8220;slide&#8220; animation_delay=&#8220;600ms&#8220; animation_intensity_slide=&#8220;5%&#8220; global_colors_info=&#8220;{}&#8220;][\/et_pb_image][\/et_pb_column][et_pb_column type=&#8220;2_5&#8243; _builder_version=&#8220;4.17.3&#8243; _module_preset=&#8220;default&#8220; global_colors_info=&#8220;{}&#8220;][et_pb_text admin_label=&#8220;Para todas las pistas&#8220; _builder_version=&#8220;4.18.0&#8243; _module_preset=&#8220;default&#8220; header_4_font=&#8220;Inter|600||on|||||&#8220; header_4_text_color=&#8220;#fe9638&#8243; header_4_font_size=&#8220;14px&#8220; header_4_letter_spacing=&#8220;2px&#8220; header_4_line_height=&#8220;1.5em&#8220; custom_margin=&#8220;||0px||false|false&#8220; animation_style=&#8220;slide&#8220; animation_direction=&#8220;bottom&#8220; animation_delay=&#8220;400ms&#8220; animation_intensity_slide=&#8220;3%&#8220; global_colors_info=&#8220;{}&#8220;]<\/p>\n<h4>F\u00fcr alle Spuren<\/h4>\n<p>[\/et_pb_text][et_pb_text admin_label=&#8220;Instalaci\u00f3n de c\u00e9sped artificial para cualquier deporte&#8220; _builder_version=&#8220;4.17.6&#8243; _module_preset=&#8220;default&#8220; header_2_font=&#8220;|600|||||||&#8220; header_2_font_size=&#8220;48px&#8220; header_2_letter_spacing=&#8220;-1px&#8220; header_2_line_height=&#8220;1.1em&#8220; custom_margin=&#8220;||10px||false|false&#8220; animation_style=&#8220;slide&#8220; animation_direction=&#8220;bottom&#8220; animation_delay=&#8220;600ms&#8220; animation_intensity_slide=&#8220;3%&#8220; header_2_font_size_tablet=&#8220;38px&#8220; header_2_font_size_phone=&#8220;28px&#8220; header_2_font_size_last_edited=&#8220;on|desktop&#8220; global_colors_info=&#8220;{}&#8220;]<\/p>\n<h2>Kunstrasenverlegung f\u00fcr jede Sportart<\/h2>\n<p>[\/et_pb_text][et_pb_text _builder_version=&#8220;4.18.0&#8243; _module_preset=&#8220;default&#8220; animation_style=&#8220;slide&#8220; animation_direction=&#8220;bottom&#8220; animation_delay=&#8220;800ms&#8220; animation_intensity_slide=&#8220;3%&#8220; text_font_size_tablet=&#8220;15px&#8220; text_font_size_phone=&#8220;15px&#8220; text_font_size_last_edited=&#8220;on|desktop&#8220; header_font_size_tablet=&#8220;55px&#8220; header_font_size_last_edited=&#8220;off|desktop&#8220; global_colors_info=&#8220;{}&#8220;]Multisport-Kunstrasen ist ein Beispiel f\u00fcr eine spezifische L\u00f6sung f\u00fcr einen komplexen Bedarf.<br \/>\nAlle Optionen sind je nach Ihren Bed\u00fcrfnissen verf\u00fcgbar.<br \/>\nEin Kunstrasen f\u00fcr jede Art von Multisportplatz und Freizeitnutzung, da er aus hochleistungsf\u00e4higem, fibrilliertem Garn und mit geringer Abrasivit\u00e4t hergestellt wird.<br \/>\nOb es sich um eine Sporthalle, ein gro\u00dfes Golfgr\u00fcn, einen Minigolfplatz mit verwinkelten Kurven oder ein Putting Green in Ihrem Haus oder B\u00fcro handelt, die zu verwendenden Materialien m\u00fcssen von h\u00f6chster Qualit\u00e4t sein.<br \/>\nWir machen Fitness einfacher.<br \/>\nKontaktieren Sie uns und wir beraten Sie unverbindlich.[\/et_pb_text][\/et_pb_column][\/et_pb_row][\/et_pb_section][et_pb_section fb_built=&#8220;1&#8243; _builder_version=&#8220;4.17.6&#8243; _module_preset=&#8220;default&#8220; background_enable_color=&#8220;off&#8220; custom_padding=&#8220;||100px||false|false&#8220; global_colors_info=&#8220;{}&#8220;][et_pb_row column_structure=&#8220;1_2,1_2&#8243; _builder_version=&#8220;4.17.4&#8243; _module_preset=&#8220;default&#8220; global_colors_info=&#8220;{}&#8220;][et_pb_column type=&#8220;1_2&#8243; _builder_version=&#8220;4.17.4&#8243; _module_preset=&#8220;default&#8220; global_colors_info=&#8220;{}&#8220;][et_pb_text admin_label=&#8220;Campos de golf&#8220; _builder_version=&#8220;4.17.6&#8243; _module_preset=&#8220;default&#8220; header_2_font=&#8220;|600|||||||&#8220; header_2_font_size=&#8220;48px&#8220; header_2_letter_spacing=&#8220;-1px&#8220; header_2_line_height=&#8220;1.1em&#8220; custom_margin=&#8220;||10px||false|false&#8220; animation_style=&#8220;slide&#8220; animation_direction=&#8220;bottom&#8220; animation_delay=&#8220;200ms&#8220; animation_intensity_slide=&#8220;3%&#8220; header_2_font_size_tablet=&#8220;38px&#8220; header_2_font_size_phone=&#8220;28px&#8220; header_2_font_size_last_edited=&#8220;on|desktop&#8220; global_colors_info=&#8220;{}&#8220; width__hover_enabled=&#8220;on|desktop&#8220;]<\/p>\n<h2>Golfpl\u00e4tze<\/h2>\n<p>[\/et_pb_text][et_pb_text _builder_version=&#8220;4.17.4&#8243; _module_preset=&#8220;default&#8220; global_colors_info=&#8220;{}&#8220;]Wir sind Spezialisten f\u00fcr Golfpl\u00e4tze. Entdecken Sie unsere Modelle von Kunstrasen f\u00fcr Golfpl\u00e4tze und kontaktieren Sie uns f\u00fcr eine pers\u00f6nliche Beratung.[\/et_pb_text][et_pb_blurb use_icon=&#8220;on&#8220; font_icon=&#8220;&#xe052;||divi||400&#8243; icon_placement=&#8220;left&#8220; image_icon_width=&#8220;24px&#8220; admin_label=&#8220;Putting Green&#8220; _builder_version=&#8220;4.17.4&#8243; _module_preset=&#8220;default&#8220; custom_margin=&#8220;||10px||false|false&#8220; animation_style=&#8220;slide&#8220; animation_direction=&#8220;bottom&#8220; animation_delay=&#8220;400ms&#8220; animation_intensity_slide=&#8220;3%&#8220; custom_css_blurb_image=&#8220;||&#8220; custom_css_blurb_title=&#8220;||||&#8220; custom_css_blurb_content=&#8220;||&#8220; global_colors_info=&#8220;{}&#8220;]Putting Green[\/et_pb_blurb][et_pb_blurb use_icon=&#8220;on&#8220; font_icon=&#8220;&#xe052;||divi||400&#8243; icon_placement=&#8220;left&#8220; image_icon_width=&#8220;24px&#8220; admin_label=&#8220;Green de Golf&#8220; _builder_version=&#8220;4.17.4&#8243; _module_preset=&#8220;default&#8220; custom_margin=&#8220;||10px||false|false&#8220; animation_style=&#8220;slide&#8220; animation_direction=&#8220;bottom&#8220; animation_delay=&#8220;400ms&#8220; animation_intensity_slide=&#8220;3%&#8220; custom_css_blurb_image=&#8220;||&#8220; custom_css_blurb_title=&#8220;||||&#8220; custom_css_blurb_content=&#8220;||&#8220; global_colors_info=&#8220;{}&#8220;]Golf Gr\u00fcn[\/et_pb_blurb][et_pb_blurb use_icon=&#8220;on&#8220; font_icon=&#8220;&#xe052;||divi||400&#8243; icon_placement=&#8220;left&#8220; image_icon_width=&#8220;24px&#8220; admin_label=&#8220;Gimnasios&#8220; _builder_version=&#8220;4.17.4&#8243; _module_preset=&#8220;default&#8220; custom_margin=&#8220;||10px||false|false&#8220; animation_style=&#8220;slide&#8220; animation_direction=&#8220;bottom&#8220; animation_delay=&#8220;500ms&#8220; animation_intensity_slide=&#8220;3%&#8220; custom_css_blurb_image=&#8220;||&#8220; custom_css_blurb_title=&#8220;||&#8220; custom_css_blurb_content=&#8220;||&#8220; global_colors_info=&#8220;{}&#8220;]Fitnessstudios[\/et_pb_blurb][et_pb_blurb use_icon=&#8220;on&#8220; font_icon=&#8220;&#xe052;||divi||400&#8243; icon_placement=&#8220;left&#8220; image_icon_width=&#8220;24px&#8220; admin_label=&#8220;Polideportivos&#8220; _builder_version=&#8220;4.17.4&#8243; _module_preset=&#8220;default&#8220; custom_margin=&#8220;||10px||false|false&#8220; animation_style=&#8220;slide&#8220; animation_direction=&#8220;bottom&#8220; animation_delay=&#8220;600ms&#8220; animation_intensity_slide=&#8220;3%&#8220; custom_css_blurb_image=&#8220;||&#8220; custom_css_blurb_title=&#8220;||&#8220; custom_css_blurb_content=&#8220;||&#8220; global_colors_info=&#8220;{}&#8220;]Sportzentren[\/et_pb_blurb][et_pb_blurb use_icon=&#8220;on&#8220; font_icon=&#8220;&#xe052;||divi||400&#8243; icon_placement=&#8220;left&#8220; image_icon_width=&#8220;24px&#8220; admin_label=&#8220;Oficinas&#8220; _builder_version=&#8220;4.17.4&#8243; _module_preset=&#8220;default&#8220; custom_margin=&#8220;||10px||false|false&#8220; animation_style=&#8220;slide&#8220; animation_direction=&#8220;bottom&#8220; animation_delay=&#8220;800ms&#8220; animation_intensity_slide=&#8220;3%&#8220; custom_css_blurb_image=&#8220;||&#8220; custom_css_blurb_title=&#8220;||&#8220; custom_css_blurb_content=&#8220;||&#8220; global_colors_info=&#8220;{}&#8220;]B\u00fcror\u00e4ume[\/et_pb_blurb][et_pb_blurb use_icon=&#8220;on&#8220; font_icon=&#8220;&#xe052;||divi||400&#8243; icon_placement=&#8220;left&#8220; image_icon_width=&#8220;24px&#8220; admin_label=&#8220;Minigolf&#8220; _builder_version=&#8220;4.17.4&#8243; _module_preset=&#8220;default&#8220; custom_margin=&#8220;||10px||false|false&#8220; animation_style=&#8220;slide&#8220; animation_direction=&#8220;bottom&#8220; animation_delay=&#8220;1000ms&#8220; animation_intensity_slide=&#8220;3%&#8220; custom_css_blurb_image=&#8220;||&#8220; custom_css_blurb_title=&#8220;||&#8220; custom_css_blurb_content=&#8220;||&#8220; global_colors_info=&#8220;{}&#8220;]Minigolf[\/et_pb_blurb][et_pb_blurb use_icon=&#8220;on&#8220; font_icon=&#8220;&#xe052;||divi||400&#8243; icon_placement=&#8220;left&#8220; image_icon_width=&#8220;24px&#8220; admin_label=&#8220;Salas de deporte&#8220; _builder_version=&#8220;4.17.4&#8243; _module_preset=&#8220;default&#8220; custom_margin=&#8220;||10px||false|false&#8220; animation_style=&#8220;slide&#8220; animation_direction=&#8220;bottom&#8220; animation_delay=&#8220;1200ms&#8220; animation_intensity_slide=&#8220;3%&#8220; custom_css_blurb_image=&#8220;||&#8220; custom_css_blurb_title=&#8220;||&#8220; custom_css_blurb_content=&#8220;||&#8220; global_colors_info=&#8220;{}&#8220;]Sporthallen[\/et_pb_blurb][et_pb_blurb use_icon=&#8220;on&#8220; font_icon=&#8220;&#xe052;||divi||400&#8243; icon_placement=&#8220;left&#8220; image_icon_width=&#8220;24px&#8220; admin_label=&#8220;Colegios&#8220; _builder_version=&#8220;4.17.4&#8243; _module_preset=&#8220;default&#8220; custom_margin=&#8220;||10px||false|false&#8220; animation_style=&#8220;slide&#8220; animation_direction=&#8220;bottom&#8220; animation_delay=&#8220;1400ms&#8220; animation_intensity_slide=&#8220;3%&#8220; custom_css_blurb_image=&#8220;||&#8220; custom_css_blurb_title=&#8220;||&#8220; custom_css_blurb_content=&#8220;||&#8220; global_colors_info=&#8220;{}&#8220;]Schulen[\/et_pb_blurb][\/et_pb_column][et_pb_column type=&#8220;1_2&#8243; _builder_version=&#8220;4.17.4&#8243; _module_preset=&#8220;default&#8220; global_colors_info=&#8220;{}&#8220;][et_pb_image src=&#8220;https:\/\/mallorcagrass.com\/wp-content\/uploads\/2022\/08\/golf-cesped-artificial-mallorca-grass1920x1280.jpg&#8220; alt=&#8220;golf-kunstgras-mallorca-gras(1920&#215;1280)&#8220; title_text=&#8220;golf-kunstgras-mallorca-gras(1920&#215;1280)&#8220; _builder_version=&#8220;4.17.6&#8243; _module_preset=&#8220;default&#8220; custom_margin=&#8220;-170px||||false|false&#8220; custom_margin_tablet=&#8220;0px||||false|false&#8220; custom_margin_phone=&#8220;0px||||false|false&#8220; custom_margin_last_edited=&#8220;on|phone&#8220; global_colors_info=&#8220;{}&#8220;][\/et_pb_image][\/et_pb_column][\/et_pb_row][\/et_pb_section]<\/p>\n","protected":false},"excerpt":{"rendered":"<p>MultisportInstallation und Pflege von Kunstrasen f\u00fcr jede Sportart.F\u00fcr alle SpurenKunstrasenverlegung f\u00fcr jede SportartMultisport-Kunstrasen ist ein Beispiel f\u00fcr eine spezifische L\u00f6sung f\u00fcr einen komplexen Bedarf. Alle Optionen sind je nach Ihren Bed\u00fcrfnissen verf\u00fcgbar. Ein Kunstrasen f\u00fcr jede Art von Multisportplatz und Freizeitnutzung, da er aus hochleistungsf\u00e4higem, fibrilliertem Garn und mit geringer Abrasivit\u00e4t hergestellt wird. Ob es [&hellip;]<\/p>\n","protected":false},"author":6,"featured_media":0,"parent":0,"menu_order":0,"comment_status":"closed","ping_status":"closed","template":"","meta":{"_et_pb_use_builder":"on","_et_pb_old_content":"","_et_gb_content_width":"","footnotes":""},"class_list":["post-7603","page","type-page","status-publish","hentry"],"yoast_head":"<!-- This site is optimized with the Yoast SEO plugin v27.4 - https:\/\/yoast.com\/product\/yoast-seo-wordpress\/ -->\n<title>Multisport | Mallorca Grass<\/title>\n<meta name=\"description\" content=\"Multisport-Kunstrasen ist ein Beispiel f\u00fcr eine spezifische L\u00f6sung f\u00fcr einen komplexen Bedarf. Alle Optionen sind verf\u00fcgbar.\" \/>\n<meta name=\"robots\" content=\"index, follow, max-snippet:-1, max-image-preview:large, max-video-preview:-1\" \/>\n<link rel=\"canonical\" href=\"https:\/\/mallorcagrass.com\/de\/multisport\" \/>\n<meta property=\"og:locale\" content=\"de_DE\" \/>\n<meta property=\"og:type\" content=\"article\" \/>\n<meta property=\"og:title\" content=\"Multisport | Mallorca Grass\" \/>\n<meta property=\"og:description\" content=\"Multisport-Kunstrasen ist ein Beispiel f\u00fcr eine spezifische L\u00f6sung f\u00fcr einen komplexen Bedarf. Alle Optionen sind verf\u00fcgbar.\" \/>\n<meta property=\"og:url\" content=\"https:\/\/mallorcagrass.com\/de\/multisport\" \/>\n<meta property=\"og:site_name\" content=\"Mallorca Grass\" \/>\n<meta property=\"article:modified_time\" content=\"2024-10-07T06:42:21+00:00\" \/>\n<meta name=\"twitter:card\" content=\"summary_large_image\" \/>\n<meta name=\"twitter:label1\" content=\"Gesch\u00e4tzte Lesezeit\" \/>\n\t<meta name=\"twitter:data1\" content=\"8\u00a0Minuten\" \/>\n<script type=\"application\/ld+json\" class=\"yoast-schema-graph\">{\"@context\":\"https:\\\/\\\/schema.org\",\"@graph\":[{\"@type\":\"WebPage\",\"@id\":\"https:\\\/\\\/mallorcagrass.com\\\/de\\\/multisport\",\"url\":\"https:\\\/\\\/mallorcagrass.com\\\/de\\\/multisport\",\"name\":\"Multisport | Mallorca Grass\",\"isPartOf\":{\"@id\":\"https:\\\/\\\/mallorcagrass.com\\\/de\\\/#website\"},\"datePublished\":\"2022-06-17T07:26:10+00:00\",\"dateModified\":\"2024-10-07T06:42:21+00:00\",\"description\":\"Multisport-Kunstrasen ist ein Beispiel f\u00fcr eine spezifische L\u00f6sung f\u00fcr einen komplexen Bedarf. Alle Optionen sind verf\u00fcgbar.\",\"breadcrumb\":{\"@id\":\"https:\\\/\\\/mallorcagrass.com\\\/de\\\/multisport#breadcrumb\"},\"inLanguage\":\"de\",\"potentialAction\":[{\"@type\":\"ReadAction\",\"target\":[\"https:\\\/\\\/mallorcagrass.com\\\/de\\\/multisport\"]}]},{\"@type\":\"BreadcrumbList\",\"@id\":\"https:\\\/\\\/mallorcagrass.com\\\/de\\\/multisport#breadcrumb\",\"itemListElement\":[{\"@type\":\"ListItem\",\"position\":1,\"name\":\"Portada\",\"item\":\"https:\\\/\\\/mallorcagrass.com\\\/de\\\/startseite\"},{\"@type\":\"ListItem\",\"position\":2,\"name\":\"Multisport\"}]},{\"@type\":\"WebSite\",\"@id\":\"https:\\\/\\\/mallorcagrass.com\\\/de\\\/#website\",\"url\":\"https:\\\/\\\/mallorcagrass.com\\\/de\\\/\",\"name\":\"Mallorca Grass | C\u00e9sped Artificial en Mallorca\",\"description\":\"\",\"publisher\":{\"@id\":\"https:\\\/\\\/mallorcagrass.com\\\/de\\\/#organization\"},\"potentialAction\":[{\"@type\":\"SearchAction\",\"target\":{\"@type\":\"EntryPoint\",\"urlTemplate\":\"https:\\\/\\\/mallorcagrass.com\\\/de\\\/?s={search_term_string}\"},\"query-input\":{\"@type\":\"PropertyValueSpecification\",\"valueRequired\":true,\"valueName\":\"search_term_string\"}}],\"inLanguage\":\"de\"},{\"@type\":\"Organization\",\"@id\":\"https:\\\/\\\/mallorcagrass.com\\\/de\\\/#organization\",\"name\":\"Mallorca Grass\",\"url\":\"https:\\\/\\\/mallorcagrass.com\\\/de\\\/\",\"logo\":{\"@type\":\"ImageObject\",\"inLanguage\":\"de\",\"@id\":\"https:\\\/\\\/mallorcagrass.com\\\/de\\\/#\\\/schema\\\/logo\\\/image\\\/\",\"url\":\"https:\\\/\\\/mallorcagrass.com\\\/wp-content\\\/uploads\\\/2022\\\/08\\\/Logo_Mallorca-Grass-Verde628x628.jpg\",\"contentUrl\":\"https:\\\/\\\/mallorcagrass.com\\\/wp-content\\\/uploads\\\/2022\\\/08\\\/Logo_Mallorca-Grass-Verde628x628.jpg\",\"width\":628,\"height\":628,\"caption\":\"Mallorca Grass\"},\"image\":{\"@id\":\"https:\\\/\\\/mallorcagrass.com\\\/de\\\/#\\\/schema\\\/logo\\\/image\\\/\"}}]}<\/script>\n<!-- \/ Yoast SEO plugin. -->","yoast_head_json":{"title":"Multisport | Mallorca Grass","description":"Multisport-Kunstrasen ist ein Beispiel f\u00fcr eine spezifische L\u00f6sung f\u00fcr einen komplexen Bedarf. Alle Optionen sind verf\u00fcgbar.","robots":{"index":"index","follow":"follow","max-snippet":"max-snippet:-1","max-image-preview":"max-image-preview:large","max-video-preview":"max-video-preview:-1"},"canonical":"https:\/\/mallorcagrass.com\/de\/multisport","og_locale":"de_DE","og_type":"article","og_title":"Multisport | Mallorca Grass","og_description":"Multisport-Kunstrasen ist ein Beispiel f\u00fcr eine spezifische L\u00f6sung f\u00fcr einen komplexen Bedarf. Alle Optionen sind verf\u00fcgbar.","og_url":"https:\/\/mallorcagrass.com\/de\/multisport","og_site_name":"Mallorca Grass","article_modified_time":"2024-10-07T06:42:21+00:00","twitter_card":"summary_large_image","twitter_misc":{"Gesch\u00e4tzte Lesezeit":"8\u00a0Minuten"},"schema":{"@context":"https:\/\/schema.org","@graph":[{"@type":"WebPage","@id":"https:\/\/mallorcagrass.com\/de\/multisport","url":"https:\/\/mallorcagrass.com\/de\/multisport","name":"Multisport | Mallorca Grass","isPartOf":{"@id":"https:\/\/mallorcagrass.com\/de\/#website"},"datePublished":"2022-06-17T07:26:10+00:00","dateModified":"2024-10-07T06:42:21+00:00","description":"Multisport-Kunstrasen ist ein Beispiel f\u00fcr eine spezifische L\u00f6sung f\u00fcr einen komplexen Bedarf. Alle Optionen sind verf\u00fcgbar.","breadcrumb":{"@id":"https:\/\/mallorcagrass.com\/de\/multisport#breadcrumb"},"inLanguage":"de","potentialAction":[{"@type":"ReadAction","target":["https:\/\/mallorcagrass.com\/de\/multisport"]}]},{"@type":"BreadcrumbList","@id":"https:\/\/mallorcagrass.com\/de\/multisport#breadcrumb","itemListElement":[{"@type":"ListItem","position":1,"name":"Portada","item":"https:\/\/mallorcagrass.com\/de\/startseite"},{"@type":"ListItem","position":2,"name":"Multisport"}]},{"@type":"WebSite","@id":"https:\/\/mallorcagrass.com\/de\/#website","url":"https:\/\/mallorcagrass.com\/de\/","name":"Mallorca Grass | C\u00e9sped Artificial en Mallorca","description":"","publisher":{"@id":"https:\/\/mallorcagrass.com\/de\/#organization"},"potentialAction":[{"@type":"SearchAction","target":{"@type":"EntryPoint","urlTemplate":"https:\/\/mallorcagrass.com\/de\/?s={search_term_string}"},"query-input":{"@type":"PropertyValueSpecification","valueRequired":true,"valueName":"search_term_string"}}],"inLanguage":"de"},{"@type":"Organization","@id":"https:\/\/mallorcagrass.com\/de\/#organization","name":"Mallorca Grass","url":"https:\/\/mallorcagrass.com\/de\/","logo":{"@type":"ImageObject","inLanguage":"de","@id":"https:\/\/mallorcagrass.com\/de\/#\/schema\/logo\/image\/","url":"https:\/\/mallorcagrass.com\/wp-content\/uploads\/2022\/08\/Logo_Mallorca-Grass-Verde628x628.jpg","contentUrl":"https:\/\/mallorcagrass.com\/wp-content\/uploads\/2022\/08\/Logo_Mallorca-Grass-Verde628x628.jpg","width":628,"height":628,"caption":"Mallorca Grass"},"image":{"@id":"https:\/\/mallorcagrass.com\/de\/#\/schema\/logo\/image\/"}}]}},"_links":{"self":[{"href":"https:\/\/mallorcagrass.com\/de\/wp-json\/wp\/v2\/pages\/7603","targetHints":{"allow":["GET"]}}],"collection":[{"href":"https:\/\/mallorcagrass.com\/de\/wp-json\/wp\/v2\/pages"}],"about":[{"href":"https:\/\/mallorcagrass.com\/de\/wp-json\/wp\/v2\/types\/page"}],"author":[{"embeddable":true,"href":"https:\/\/mallorcagrass.com\/de\/wp-json\/wp\/v2\/users\/6"}],"replies":[{"embeddable":true,"href":"https:\/\/mallorcagrass.com\/de\/wp-json\/wp\/v2\/comments?post=7603"}],"version-history":[{"count":0,"href":"https:\/\/mallorcagrass.com\/de\/wp-json\/wp\/v2\/pages\/7603\/revisions"}],"wp:attachment":[{"href":"https:\/\/mallorcagrass.com\/de\/wp-json\/wp\/v2\/media?parent=7603"}],"curies":[{"name":"wp","href":"https:\/\/api.w.org\/{rel}","templated":true}]}}