{"id":7623,"date":"2022-05-24T21:19:07","date_gmt":"2022-05-24T21:19:07","guid":{"rendered":"https:\/\/mallorcagrass.com\/datenschutzbestimmungen"},"modified":"2024-10-07T06:42:34","modified_gmt":"2024-10-07T06:42:34","slug":"datenschutzbestimmungen","status":"publish","type":"page","link":"https:\/\/mallorcagrass.com\/de\/datenschutzbestimmungen","title":{"rendered":"Datenschutzbestimmungen"},"content":{"rendered":"<p>[et_pb_section fb_built=&#8220;1&#8243; _builder_version=&#8220;4.18.0&#8243; custom_padding=&#8220;100px||100px||true|false&#8220; global_colors_info=&#8220;{}&#8220;][et_pb_row _builder_version=&#8220;4.18.0&#8243; background_size=&#8220;initial&#8220; background_position=&#8220;top_left&#8220; background_repeat=&#8220;repeat&#8220; width=&#8220;860px&#8220; global_colors_info=&#8220;{}&#8220;][et_pb_column type=&#8220;4_4&#8243; _builder_version=&#8220;4.16&#8243; custom_padding=&#8220;|||&#8220; global_colors_info=&#8220;{}&#8220; custom_padding__hover=&#8220;|||&#8220;][et_pb_text admin_label=&#8220;Pol\u00edtica de Privacidad&#8220; _builder_version=&#8220;4.18.0&#8243; header_font=&#8220;|600|||||||&#8220; header_font_size=&#8220;48px&#8220; header_letter_spacing=&#8220;-1px&#8220; header_line_height=&#8220;1.1em&#8220; background_size=&#8220;initial&#8220; background_position=&#8220;top_left&#8220; background_repeat=&#8220;repeat&#8220; header_font_size_tablet=&#8220;38px&#8220; header_font_size_phone=&#8220;2px&#8220; header_font_size_last_edited=&#8220;on|phone&#8220; global_colors_info=&#8220;{}&#8220;]<\/p>\n<h1>Datenschutzbestimmungen<\/h1>\n<p>[\/et_pb_text][et_pb_text _builder_version=&#8220;4.21.0&#8243; _module_preset=&#8220;default&#8220; hover_enabled=&#8220;0&#8243; sticky_enabled=&#8220;0&#8243;]<\/p>\n<h2>1. BENUTZERINFORMATIONEN<\/h2>\n<p><strong> <\/strong>Wer ist f\u00fcr die Verarbeitung Ihrer pers\u00f6nlichen Daten verantwortlich?<\/p>\n<p><strong> <\/strong><strong>GARDENSTORE, S.L. <\/strong>ist f\u00fcr die Verarbeitung der pers\u00f6nlichen Daten des BENUTZERS VERANTWORTLICH und informiert den BENUTZER dar\u00fcber, dass diese Daten in \u00dcbereinstimmung mit den Bestimmungen der Verordnung (EU) 2016\/679 vom 27. April (GDPR) und dem Organgesetz 3\/2018 vom 5. Dezember (LOPDGDD) verarbeitet werden.<\/p>\n<p><strong>Wozu verarbeiten wir Ihre pers\u00f6nlichen Daten?<\/strong><\/p>\n<p><strong> <\/strong>Zur Aufrechterhaltung einer Gesch\u00e4ftsbeziehung mit dem Nutzer.<br \/>\nDie f\u00fcr die Durchf\u00fchrung der Verarbeitung vorgesehenen Vorg\u00e4nge sind: <\/p>\n<p>Das Versenden kommerzieller Werbemitteilungen per E-Mail, Fax, SMS, MMS, soziale Netzwerke oder jedes andere gegenw\u00e4rtige oder zuk\u00fcnftige elektronische oder physische Mittel, das kommerzielle Mitteilungen erm\u00f6glicht.<br \/>\nDiese Mitteilungen werden vom VERANTWORTLICHEN durchgef\u00fchrt und beziehen sich auf seine Produkte und Dienstleistungen oder auf die seiner Mitarbeiter oder Lieferanten, mit denen er eine Werbevereinbarung getroffen hat.<br \/>\nIn diesem Fall haben Dritte niemals Zugang zu pers\u00f6nlichen Daten.<br \/>\nZur Durchf\u00fchrung von Marktforschung und statistischen Analysen.   <\/p>\n<p>Bearbeitung von Bestellungen, Anfragen, Beantwortung von R\u00fcckfragen oder Anfragen jeglicher Art, die der BENUTZER \u00fcber eines der auf der Website des VERANTWORTLICHEN zur Verf\u00fcgung gestellten Kontaktformulare stellt.<\/p>\n<p>F\u00fcr den Versand des Online-Newsletters \u00fcber Neuigkeiten, Angebote und Aktionen in unserer T\u00e4tigkeit<strong>.<\/strong><\/p>\n<p><strong>  Warum d\u00fcrfen wir Ihre pers\u00f6nlichen Daten verarbeiten?<\/strong><\/p>\n<p><strong> <\/strong>Weil die Verarbeitung durch Artikel 6 der DSGVO wie folgt legitimiert ist:<\/p>\n<p>Mit dem Einverst\u00e4ndnis des NUTZERS: zum Versenden von kommerziellen Mitteilungen und des Newsletters.<br \/>\nIm berechtigten Interesse des VERANTWORTLICHEN: zur Durchf\u00fchrung von Marktforschung, statistischen Analysen usw. und zur Bearbeitung von Bestellungen, Anfragen usw. auf Anfrage des NUTZERS. <\/p>\n<p><strong>Wie lange werden wir Ihre pers\u00f6nlichen Daten aufbewahren?<\/strong><\/p>\n<p><strong> <\/strong>Sie werden nur so lange aufbewahrt, wie es f\u00fcr die Aufrechterhaltung des Zwecks der Verarbeitung erforderlich ist oder wie es gesetzliche Vorschriften vorschreiben, die ihre Aufbewahrung vorschreiben. Wenn sie f\u00fcr diesen Zweck nicht mehr erforderlich sind, werden sie mit geeigneten Sicherheitsma\u00dfnahmen gel\u00f6scht, um die Anonymisierung der Daten oder ihre vollst\u00e4ndige Vernichtung zu gew\u00e4hrleisten.<\/p>\n<h2>An wen geben wir Ihre pers\u00f6nlichen Daten weiter?<\/h2>\n<p><strong> <\/strong>Es ist keine Weitergabe personenbezogener Daten an Dritte vorgesehen, au\u00dfer, wenn dies f\u00fcr die Entwicklung und Ausf\u00fchrung der Zwecke der Verarbeitung erforderlich ist, an unsere Dienstleister im Zusammenhang mit der Kommunikation, mit denen der VERANTWORTLICHE die von den geltenden Datenschutzbestimmungen vorgeschriebenen Vertraulichkeits- und Datenverarbeitungsvertr\u00e4ge unterzeichnet hat.<\/p>\n<h2>Was sind Ihre Rechte?<\/h2>\n<p>Die Rechte des BENUTZERS sind:<\/p>\n<p>Recht auf jederzeitigen Widerruf der Zustimmung.<\/p>\n<p>Das Recht auf Zugang, Berichtigung, \u00dcbertragbarkeit und L\u00f6schung Ihrer Daten sowie das Recht, die Verarbeitung einzuschr\u00e4nken oder ihr zu widersprechen.<\/p>\n<p>Das Recht, eine Beschwerde bei der Aufsichtsbeh\u00f6rde (www.aepd.es) einzureichen, wenn Sie der Meinung sind, dass die Verarbeitung nicht mit den geltenden Vorschriften \u00fcbereinstimmt.<\/p>\n<p><strong>Kontaktinformationen f\u00fcr die Aus\u00fcbung Ihrer Rechte:<\/strong><\/p>\n<p>GARDENSTORE, S.L..<br \/>\nCtra.<br \/>\ndel Copero 6, Nave B m\u00f3dulo1, VGP Park &#8211; 41703 Dos Hermanas (Sevilla).<br \/>\nE- Mail: <a href=\"\">info@gardenstore.es<\/a>   <\/p>\n<h2>2. OBLIGATORISCHER ODER FAKULTATIVER CHARAKTER DER VOM BENUTZER BEREITGESTELLTEN INFORMATIONEN<\/h2>\n<p><strong> <\/strong>Der BENUTZER akzeptiert durch das Ankreuzen der entsprechenden K\u00e4stchen und die Eingabe von Daten in die mit einem Sternchen (*) gekennzeichneten Felder im Kontaktformular oder in Download-Formularen ausdr\u00fccklich und frei und unmissverst\u00e4ndlich, dass seine Daten notwendig sind, um seine Anfrage zu erf\u00fcllen, und zwar durch den ANBIETER, wobei die Aufnahme von Daten in die \u00fcbrigen Felder freiwillig ist.<br \/>\nDer BENUTZER garantiert, dass die dem VERANTWORTLICHEN zur Verf\u00fcgung gestellten pers\u00f6nlichen Daten wahrheitsgem\u00e4\u00df sind und ist daf\u00fcr verantwortlich, etwaige \u00c4nderungen daran mitzuteilen. <\/p>\n<p>Der VERANTWORTLICHE informiert, dass alle \u00fcber die Website angeforderten Daten obligatorisch sind, da sie f\u00fcr die Bereitstellung eines optimalen Service f\u00fcr den BENUTZER erforderlich sind.<br \/>\nFalls nicht alle Daten angegeben werden, kann nicht garantiert werden, dass die bereitgestellten Informationen und Dienstleistungen vollst\u00e4ndig auf Ihre Bed\u00fcrfnisse zugeschnitten sind. <\/p>\n<h2>3. SICHERHEITSMASSNAHMEN<\/h2>\n<p><strong> <\/strong>dass der VERANTWORTLICHE in \u00dcbereinstimmung mit den geltenden Vorschriften zum Schutz personenbezogener Daten alle Bestimmungen der DSGVO und der LOPDGDD f\u00fcr die Verarbeitung personenbezogener Daten unter seiner Verantwortung einh\u00e4lt und sich offensichtlich an die in Artikel 5 der DSGVO beschriebenen Grunds\u00e4tze h\u00e4lt, wonach die Daten rechtm\u00e4\u00dfig, nach Treu und Glauben und in transparenter Weise gegen\u00fcber der betroffenen Person verarbeitet werden und den Zwecken, f\u00fcr die sie verarbeitet werden, entsprechen, daf\u00fcr erheblich sind und auf das Notwendige beschr\u00e4nkt sind.<\/p>\n<p>Der VERANTWORTLICHE garantiert, dass er geeignete technische und organisatorische Ma\u00dfnahmen ergriffen hat, um die von der DSGVO und der LOPDGDD festgelegten Sicherheitsma\u00dfnahmen anzuwenden, um die Rechte und Freiheiten der NUTZER zu sch\u00fctzen, und dass er ihnen die entsprechenden Informationen mitgeteilt hat, damit sie diese aus\u00fcben k\u00f6nnen.<\/p>\n<p>F\u00fcr weitere Informationen \u00fcber Datenschutzgarantien k\u00f6nnen Sie die VERANTWORTLICHE PARTEI \u00fcber GARDENSTORE, S.L. kontaktieren.<br \/>\nCtra.<br \/>\ndel Copero 6, Nave B m\u00f3dulo1, VGP Park &#8211; 41703 Dos Hermanas (Sevilla).<br \/>\nE- Mail: <a href=\"mailto:info@gardenstore.es\">info@gardenstore.es<\/a>   <\/p>\n<p>[\/et_pb_text][\/et_pb_column][\/et_pb_row][\/et_pb_section]<\/p>\n","protected":false},"excerpt":{"rendered":"<p>Datenschutzbestimmungen1. BENUTZERINFORMATIONEN Wer ist f\u00fcr die Verarbeitung Ihrer pers\u00f6nlichen Daten verantwortlich? GARDENSTORE, S.L. ist f\u00fcr die Verarbeitung der pers\u00f6nlichen Daten des BENUTZERS VERANTWORTLICH und informiert den BENUTZER dar\u00fcber, dass diese Daten in \u00dcbereinstimmung mit den Bestimmungen der Verordnung (EU) 2016\/679 vom 27. April (GDPR) und dem Organgesetz 3\/2018 vom 5. Dezember (LOPDGDD) verarbeitet werden. Wozu [&hellip;]<\/p>\n","protected":false},"author":6,"featured_media":0,"parent":0,"menu_order":0,"comment_status":"closed","ping_status":"open","template":"","meta":{"_et_pb_use_builder":"on","_et_pb_old_content":"","_et_gb_content_width":"","footnotes":""},"class_list":["post-7623","page","type-page","status-publish","hentry"],"yoast_head":"<!-- This site is optimized with the Yoast SEO plugin v27.4 - https:\/\/yoast.com\/product\/yoast-seo-wordpress\/ -->\n<title>Datenschutzbestimmungen | Mallorca Grass<\/title>\n<meta name=\"robots\" content=\"index, follow, max-snippet:-1, max-image-preview:large, max-video-preview:-1\" \/>\n<link rel=\"canonical\" href=\"https:\/\/mallorcagrass.com\/de\/datenschutzbestimmungen\" \/>\n<meta property=\"og:locale\" content=\"de_DE\" \/>\n<meta property=\"og:type\" content=\"article\" \/>\n<meta property=\"og:title\" content=\"Datenschutzbestimmungen | Mallorca Grass\" \/>\n<meta property=\"og:description\" content=\"Datenschutzbestimmungen1. BENUTZERINFORMATIONEN Wer ist f\u00fcr die Verarbeitung Ihrer pers\u00f6nlichen Daten verantwortlich? GARDENSTORE, S.L. ist f\u00fcr die Verarbeitung der pers\u00f6nlichen Daten des BENUTZERS VERANTWORTLICH und informiert den BENUTZER dar\u00fcber, dass diese Daten in \u00dcbereinstimmung mit den Bestimmungen der Verordnung (EU) 2016\/679 vom 27. April (GDPR) und dem Organgesetz 3\/2018 vom 5. Dezember (LOPDGDD) verarbeitet werden. Wozu [&hellip;]\" \/>\n<meta property=\"og:url\" content=\"https:\/\/mallorcagrass.com\/de\/datenschutzbestimmungen\" \/>\n<meta property=\"og:site_name\" content=\"Mallorca Grass\" \/>\n<meta property=\"article:modified_time\" content=\"2024-10-07T06:42:34+00:00\" \/>\n<meta name=\"twitter:card\" content=\"summary_large_image\" \/>\n<meta name=\"twitter:label1\" content=\"Gesch\u00e4tzte Lesezeit\" \/>\n\t<meta name=\"twitter:data1\" content=\"5\u00a0Minuten\" \/>\n<script type=\"application\/ld+json\" class=\"yoast-schema-graph\">{\"@context\":\"https:\\\/\\\/schema.org\",\"@graph\":[{\"@type\":\"WebPage\",\"@id\":\"https:\\\/\\\/mallorcagrass.com\\\/de\\\/datenschutzbestimmungen\",\"url\":\"https:\\\/\\\/mallorcagrass.com\\\/de\\\/datenschutzbestimmungen\",\"name\":\"Datenschutzbestimmungen | Mallorca Grass\",\"isPartOf\":{\"@id\":\"https:\\\/\\\/mallorcagrass.com\\\/de\\\/#website\"},\"datePublished\":\"2022-05-24T21:19:07+00:00\",\"dateModified\":\"2024-10-07T06:42:34+00:00\",\"breadcrumb\":{\"@id\":\"https:\\\/\\\/mallorcagrass.com\\\/de\\\/datenschutzbestimmungen#breadcrumb\"},\"inLanguage\":\"de\",\"potentialAction\":[{\"@type\":\"ReadAction\",\"target\":[\"https:\\\/\\\/mallorcagrass.com\\\/de\\\/datenschutzbestimmungen\"]}]},{\"@type\":\"BreadcrumbList\",\"@id\":\"https:\\\/\\\/mallorcagrass.com\\\/de\\\/datenschutzbestimmungen#breadcrumb\",\"itemListElement\":[{\"@type\":\"ListItem\",\"position\":1,\"name\":\"Portada\",\"item\":\"https:\\\/\\\/mallorcagrass.com\\\/de\\\/startseite\"},{\"@type\":\"ListItem\",\"position\":2,\"name\":\"Datenschutzbestimmungen\"}]},{\"@type\":\"WebSite\",\"@id\":\"https:\\\/\\\/mallorcagrass.com\\\/de\\\/#website\",\"url\":\"https:\\\/\\\/mallorcagrass.com\\\/de\\\/\",\"name\":\"Mallorca Grass | C\u00e9sped Artificial en Mallorca\",\"description\":\"\",\"publisher\":{\"@id\":\"https:\\\/\\\/mallorcagrass.com\\\/de\\\/#organization\"},\"potentialAction\":[{\"@type\":\"SearchAction\",\"target\":{\"@type\":\"EntryPoint\",\"urlTemplate\":\"https:\\\/\\\/mallorcagrass.com\\\/de\\\/?s={search_term_string}\"},\"query-input\":{\"@type\":\"PropertyValueSpecification\",\"valueRequired\":true,\"valueName\":\"search_term_string\"}}],\"inLanguage\":\"de\"},{\"@type\":\"Organization\",\"@id\":\"https:\\\/\\\/mallorcagrass.com\\\/de\\\/#organization\",\"name\":\"Mallorca Grass\",\"url\":\"https:\\\/\\\/mallorcagrass.com\\\/de\\\/\",\"logo\":{\"@type\":\"ImageObject\",\"inLanguage\":\"de\",\"@id\":\"https:\\\/\\\/mallorcagrass.com\\\/de\\\/#\\\/schema\\\/logo\\\/image\\\/\",\"url\":\"https:\\\/\\\/mallorcagrass.com\\\/wp-content\\\/uploads\\\/2022\\\/08\\\/Logo_Mallorca-Grass-Verde628x628.jpg\",\"contentUrl\":\"https:\\\/\\\/mallorcagrass.com\\\/wp-content\\\/uploads\\\/2022\\\/08\\\/Logo_Mallorca-Grass-Verde628x628.jpg\",\"width\":628,\"height\":628,\"caption\":\"Mallorca Grass\"},\"image\":{\"@id\":\"https:\\\/\\\/mallorcagrass.com\\\/de\\\/#\\\/schema\\\/logo\\\/image\\\/\"}}]}<\/script>\n<!-- \/ Yoast SEO plugin. -->","yoast_head_json":{"title":"Datenschutzbestimmungen | Mallorca Grass","robots":{"index":"index","follow":"follow","max-snippet":"max-snippet:-1","max-image-preview":"max-image-preview:large","max-video-preview":"max-video-preview:-1"},"canonical":"https:\/\/mallorcagrass.com\/de\/datenschutzbestimmungen","og_locale":"de_DE","og_type":"article","og_title":"Datenschutzbestimmungen | Mallorca Grass","og_description":"Datenschutzbestimmungen1. BENUTZERINFORMATIONEN Wer ist f\u00fcr die Verarbeitung Ihrer pers\u00f6nlichen Daten verantwortlich? GARDENSTORE, S.L. ist f\u00fcr die Verarbeitung der pers\u00f6nlichen Daten des BENUTZERS VERANTWORTLICH und informiert den BENUTZER dar\u00fcber, dass diese Daten in \u00dcbereinstimmung mit den Bestimmungen der Verordnung (EU) 2016\/679 vom 27. April (GDPR) und dem Organgesetz 3\/2018 vom 5. Dezember (LOPDGDD) verarbeitet werden. Wozu [&hellip;]","og_url":"https:\/\/mallorcagrass.com\/de\/datenschutzbestimmungen","og_site_name":"Mallorca Grass","article_modified_time":"2024-10-07T06:42:34+00:00","twitter_card":"summary_large_image","twitter_misc":{"Gesch\u00e4tzte Lesezeit":"5\u00a0Minuten"},"schema":{"@context":"https:\/\/schema.org","@graph":[{"@type":"WebPage","@id":"https:\/\/mallorcagrass.com\/de\/datenschutzbestimmungen","url":"https:\/\/mallorcagrass.com\/de\/datenschutzbestimmungen","name":"Datenschutzbestimmungen | Mallorca Grass","isPartOf":{"@id":"https:\/\/mallorcagrass.com\/de\/#website"},"datePublished":"2022-05-24T21:19:07+00:00","dateModified":"2024-10-07T06:42:34+00:00","breadcrumb":{"@id":"https:\/\/mallorcagrass.com\/de\/datenschutzbestimmungen#breadcrumb"},"inLanguage":"de","potentialAction":[{"@type":"ReadAction","target":["https:\/\/mallorcagrass.com\/de\/datenschutzbestimmungen"]}]},{"@type":"BreadcrumbList","@id":"https:\/\/mallorcagrass.com\/de\/datenschutzbestimmungen#breadcrumb","itemListElement":[{"@type":"ListItem","position":1,"name":"Portada","item":"https:\/\/mallorcagrass.com\/de\/startseite"},{"@type":"ListItem","position":2,"name":"Datenschutzbestimmungen"}]},{"@type":"WebSite","@id":"https:\/\/mallorcagrass.com\/de\/#website","url":"https:\/\/mallorcagrass.com\/de\/","name":"Mallorca Grass | C\u00e9sped Artificial en Mallorca","description":"","publisher":{"@id":"https:\/\/mallorcagrass.com\/de\/#organization"},"potentialAction":[{"@type":"SearchAction","target":{"@type":"EntryPoint","urlTemplate":"https:\/\/mallorcagrass.com\/de\/?s={search_term_string}"},"query-input":{"@type":"PropertyValueSpecification","valueRequired":true,"valueName":"search_term_string"}}],"inLanguage":"de"},{"@type":"Organization","@id":"https:\/\/mallorcagrass.com\/de\/#organization","name":"Mallorca Grass","url":"https:\/\/mallorcagrass.com\/de\/","logo":{"@type":"ImageObject","inLanguage":"de","@id":"https:\/\/mallorcagrass.com\/de\/#\/schema\/logo\/image\/","url":"https:\/\/mallorcagrass.com\/wp-content\/uploads\/2022\/08\/Logo_Mallorca-Grass-Verde628x628.jpg","contentUrl":"https:\/\/mallorcagrass.com\/wp-content\/uploads\/2022\/08\/Logo_Mallorca-Grass-Verde628x628.jpg","width":628,"height":628,"caption":"Mallorca Grass"},"image":{"@id":"https:\/\/mallorcagrass.com\/de\/#\/schema\/logo\/image\/"}}]}},"_links":{"self":[{"href":"https:\/\/mallorcagrass.com\/de\/wp-json\/wp\/v2\/pages\/7623","targetHints":{"allow":["GET"]}}],"collection":[{"href":"https:\/\/mallorcagrass.com\/de\/wp-json\/wp\/v2\/pages"}],"about":[{"href":"https:\/\/mallorcagrass.com\/de\/wp-json\/wp\/v2\/types\/page"}],"author":[{"embeddable":true,"href":"https:\/\/mallorcagrass.com\/de\/wp-json\/wp\/v2\/users\/6"}],"replies":[{"embeddable":true,"href":"https:\/\/mallorcagrass.com\/de\/wp-json\/wp\/v2\/comments?post=7623"}],"version-history":[{"count":0,"href":"https:\/\/mallorcagrass.com\/de\/wp-json\/wp\/v2\/pages\/7623\/revisions"}],"wp:attachment":[{"href":"https:\/\/mallorcagrass.com\/de\/wp-json\/wp\/v2\/media?parent=7623"}],"curies":[{"name":"wp","href":"https:\/\/api.w.org\/{rel}","templated":true}]}}