{"id":7682,"date":"2022-09-04T17:37:34","date_gmt":"2022-09-04T17:37:34","guid":{"rendered":"https:\/\/mallorcagrass.com\/rechtlicher-hinweis"},"modified":"2024-10-07T06:41:46","modified_gmt":"2024-10-07T06:41:46","slug":"rechtlicher-hinweis","status":"publish","type":"page","link":"https:\/\/mallorcagrass.com\/de\/rechtlicher-hinweis","title":{"rendered":"Rechtlicher Hinweis"},"content":{"rendered":"<p>[et_pb_section fb_built=&#8220;1&#8243; _builder_version=&#8220;4.18.0&#8243; custom_padding=&#8220;100px||100px||true|false&#8220; global_colors_info=&#8220;{}&#8220;][et_pb_row _builder_version=&#8220;4.18.0&#8243; background_size=&#8220;initial&#8220; background_position=&#8220;top_left&#8220; background_repeat=&#8220;repeat&#8220; width=&#8220;860px&#8220; global_colors_info=&#8220;{}&#8220;][et_pb_column type=&#8220;4_4&#8243; _builder_version=&#8220;4.16&#8243; custom_padding=&#8220;|||&#8220; global_colors_info=&#8220;{}&#8220; custom_padding__hover=&#8220;|||&#8220;][et_pb_text admin_label=&#8220;Aviso Legal&#8220; _builder_version=&#8220;4.18.0&#8243; header_font=&#8220;|600|||||||&#8220; header_font_size=&#8220;48px&#8220; header_letter_spacing=&#8220;-1px&#8220; header_line_height=&#8220;1.1em&#8220; background_size=&#8220;initial&#8220; background_position=&#8220;top_left&#8220; background_repeat=&#8220;repeat&#8220; header_font_size_tablet=&#8220;38px&#8220; header_font_size_phone=&#8220;2px&#8220; header_font_size_last_edited=&#8220;on|phone&#8220; global_colors_info=&#8220;{}&#8220;]<\/p>\n<h1>Rechtlicher Hinweis<\/h1>\n<p>[\/et_pb_text][et_pb_text _builder_version=&#8220;4.21.0&#8243; _module_preset=&#8220;default&#8220; hover_enabled=&#8220;0&#8243; global_colors_info=&#8220;{}&#8220; link_text_color__hover_enabled=&#8220;on|desktop&#8220; link_text_color__hover=&#8220;#fe9638&#8243; sticky_enabled=&#8220;0&#8243;]<\/p>\n<p>GARDENSTORE, S.L., verantwortlich f\u00fcr die Website, im Folgenden VERANTWORTLICHER genannt, stellt den Nutzern dieses Dokument zur Verf\u00fcgung, mit dem sie den Verpflichtungen des Gesetzes 34\/2002 vom 11. Juli \u00fcber die Dienste der Informationsgesellschaft und den elektronischen Handel (LSSICE), BOE Nr. 166, nachkommen und alle Nutzer der Website \u00fcber die Nutzungsbedingungen informieren m\u00f6chte.<\/p>\n<p>Jede Person, die auf diese Website zugreift, \u00fcbernimmt die Rolle des Nutzers und verpflichtet sich zur Einhaltung und strikten Befolgung der hierin enthaltenen Bestimmungen sowie aller anderen m\u00f6glicherweise anwendbaren gesetzlichen Bestimmungen.<\/p>\n<p>GARDENSTORE, S.L. beh\u00e4lt sich das Recht vor, jede Art von Informationen, die auf der Website erscheinen k\u00f6nnen, zu \u00e4ndern, ohne dass eine Verpflichtung zur vorherigen Ank\u00fcndigung oder Information der Benutzer besteht, wobei die Ver\u00f6ffentlichung auf der Website von GARDENSTORE, S.L. als ausreichend angesehen wird.<\/p>\n<h2>1. DATEN ZUR IDENTIFIZIERUNG<\/h2>\n<ul>\n<li><strong>Domainname<\/strong>: <a href=\"http:\/\/mallorcagrass.com\/\">mallorcagrass.com<\/a><\/li>\n<li><strong>Handelsname<\/strong>: Mallorca Gras<\/li>\n<li><strong>Firmenname<\/strong>: GARDENSTORE, S.L.<\/li>\n<li><strong>MEHRWERTSTEUER-NUMMER<\/strong>: B90245556<\/li>\n<li><strong>Eingetragener Firmensitz<\/strong>: Ctra.<br \/>\ndel Copero 6, Nave B m\u00f3dulo1, VGP Park &#8211; 41703 Dos Hermanas (Sevilla) <\/li>\n<li><strong>Telefon<\/strong>: 0034 954 180 297<\/li>\n<li><strong>E-Mail<\/strong>: <a href=\"mailto:info@gardenstore.es\">info@gardenstore.es<\/a><\/li>\n<\/ul>\n<p>Eingetragen im Handelsregister von Sevilla, auf Folio 155 des Bandes 6.156 der Abteilung f\u00fcr allgemeine Unternehmen, Seitenzahl SE-108.597, 1.<\/p>\n<h2>2. RECHTE AN GEISTIGEM UND GEWERBLICHEM EIGENTUM<\/h2>\n<p>Die Website, einschlie\u00dflich, aber nicht beschr\u00e4nkt auf ihre Programmierung, Bearbeitung, Zusammenstellung und andere f\u00fcr ihren Betrieb notwendige Elemente, Designs, Logos, Texte und\/oder Grafiken, sind Eigentum der VERANTWORTLICHEN PARTEI oder verf\u00fcgen gegebenenfalls \u00fcber eine Lizenz oder ausdr\u00fcckliche Genehmigung der Urheber.<br \/>\nAlle Inhalte der Website sind durch die Vorschriften zum geistigen und gewerblichen Eigentum ordnungsgem\u00e4\u00df gesch\u00fctzt und in den entsprechenden \u00f6ffentlichen Registern eingetragen. <\/p>\n<p>Unabh\u00e4ngig von dem Zweck, f\u00fcr den sie bestimmt sind, bedarf die vollst\u00e4ndige oder teilweise Vervielf\u00e4ltigung, Nutzung, Verwertung, Verbreitung und Kommerzialisierung in jedem Fall der vorherigen schriftlichen Genehmigung durch die VERANTWORTLICHE PARTEI.<br \/>\nJede nicht vorher genehmigte Nutzung wird als schwerwiegende Verletzung der geistigen oder gewerblichen Eigentumsrechte des Urhebers angesehen. <\/p>\n<p>Die Entw\u00fcrfe, Logos, Texte und\/oder Grafiken, die nicht dem VERANTWORTLICHEN geh\u00f6ren und auf der Website erscheinen k\u00f6nnten, geh\u00f6ren ihren jeweiligen Eigent\u00fcmern, die selbst f\u00fcr eventuelle Kontroversen verantwortlich sind, die in Bezug auf dieselben entstehen k\u00f6nnten.<br \/>\nDer VERANTWORTLICHE gestattet ausdr\u00fccklich, dass Dritte direkt auf die konkreten Inhalte der Website und in jedem Fall auf die Hauptwebsite von <a href=\"http:\/\/mallorcagrass.com\/\">mallorcagrass.com<\/a> umleiten k\u00f6nnen. <\/p>\n<p>Der VERANTWORTLICHE erkennt die entsprechenden geistigen und gewerblichen Eigentumsrechte zugunsten ihrer Eigent\u00fcmer an, und ihre blo\u00dfe Erw\u00e4hnung oder ihr Erscheinen auf der Website impliziert weder das Vorhandensein irgendwelcher Rechte oder Verantwortlichkeiten an ihnen, noch eine Bef\u00fcrwortung, F\u00f6rderung oder Empfehlung durch denselben.<\/p>\n<p>Wenn Sie Anmerkungen zu m\u00f6glichen Verletzungen von geistigen oder gewerblichen Eigentumsrechten sowie zu den Inhalten der Website machen m\u00f6chten, k\u00f6nnen Sie dies per E-Mail an <a href=\"mailto:info@gardenstore.es\">info@gardenstore.es<\/a> tun <a href=\"mailto:info@gardenstore.es\">.<\/a><\/p>\n<h2>3. BEFREIUNG VON DER HAFTUNG<\/h2>\n<p>Die VERANTWORTLICHE Partei ist von jeglicher Art von Verantwortung befreit, die sich aus den auf ihrer Website ver\u00f6ffentlichten Informationen ergibt, sofern sie keine tats\u00e4chliche Kenntnis davon hat, dass diese Informationen von einem Dritten au\u00dferhalb derselben manipuliert oder eingef\u00fchrt wurden, oder, falls dies der Fall ist, sie sorgf\u00e4ltig gehandelt hat, um die Daten zu entfernen oder den Zugang zu ihnen unm\u00f6glich zu machen.<\/p>\n<h2>Verwendung von Cookies<\/h2>\n<p>Diese Website kann technische Cookies (kleine Informationsdateien, die der Server an den Computer der Person sendet, die auf die Seite zugreift) verwenden, um bestimmte Funktionen auszuf\u00fchren, die f\u00fcr das korrekte Funktionieren und die Visualisierung der Website als unerl\u00e4sslich angesehen werden.<br \/>\nDie verwendeten Cookies sind in jedem Fall vor\u00fcbergehender Natur und dienen ausschlie\u00dflich dem Zweck, das Surfen effizienter zu gestalten, und verschwinden am Ende der Sitzung des Benutzers.<br \/>\nIn keinem Fall liefern diese Cookies selbst personenbezogene Daten und sie werden auch nicht zum Sammeln solcher Daten verwendet.  <\/p>\n<p>Durch die Verwendung von Cookies ist es dem Server, auf dem sich die Website befindet, auch m\u00f6glich, den vom Benutzer verwendeten Browser zu erkennen, um das Surfen zu erleichtern, so dass beispielsweise Benutzer, die sich zuvor registriert haben, Zugang zu den exklusiv f\u00fcr sie reservierten Bereichen, Diensten, Aktionen oder Wettbewerben erhalten, ohne sich bei jedem Besuch erneut registrieren zu m\u00fcssen.<br \/>\nSie k\u00f6nnen auch verwendet werden, um die Besucherzahl und Verkehrsparameter zu messen, den Verlauf und die Anzahl der Eintr\u00e4ge zu kontrollieren usw., wobei es sich in diesen F\u00e4llen um technisch entbehrliche, aber f\u00fcr den Benutzer n\u00fctzliche Cookies handelt.<br \/>\nDiese Website installiert keine entbehrlichen <em>Cookies <\/em>ohne die vorherige Zustimmung des Benutzers.  <\/p>\n<p>Diese Website verwendet eigene Cookies und Cookies von Drittanbietern zu Analysezwecken und um Ihnen personalisierte Werbung auf der Grundlage eines Profils zu zeigen, das auf der Basis Ihrer Surfgewohnheiten (z.B. besuchte Seiten) erstellt wurde.<br \/>\nAlle Benutzer, die die Website besuchen, werden durch ein schwebendes Banner \u00fcber die Verwendung dieser Cookies informiert.<br \/>\nWenn Sie der Verwendung dieser Cookies zustimmen, wird das Banner ausgeblendet. Sie k\u00f6nnen Ihre Zustimmung jedoch jederzeit widerrufen und weitere Informationen erhalten, indem Sie unsere Cookie-Richtlinie einsehen.  <\/p>\n<p>Der Benutzer hat die M\u00f6glichkeit, seinen Browser so zu konfigurieren, dass er vor dem Empfang von Cookies gewarnt wird und deren Installation auf seinem Computer verhindert.<br \/>\nBitte konsultieren Sie die Anweisungen Ihres Browsers f\u00fcr weitere Informationen. <\/p>\n<h2>Verkn\u00fcpfung der Politik<\/h2>\n<p>Es ist m\u00f6glich, dass Sie von der Website auf Inhalte von Websites Dritter weitergeleitet werden.<br \/>\nDa der VERANTWORTLICHE die Inhalte, die von Dritten auf deren jeweiligen Websites eingestellt werden, nicht immer kontrollieren kann, \u00fcbernimmt er keinerlei Verantwortung f\u00fcr diese Inhalte.<br \/>\nIn jedem Fall wird der VERANTWORTLICHE alle Inhalte, die gegen die nationale oder internationale Gesetzgebung, die Moral oder die \u00f6ffentliche Ordnung versto\u00dfen k\u00f6nnten, unverz\u00fcglich entfernen und die Weiterleitung zu dieser Website sofort aufheben, indem er die zust\u00e4ndigen Beh\u00f6rden \u00fcber den betreffenden Inhalt informiert.  <\/p>\n<p>Der VERANTWORTLICHE ist nicht verantwortlich f\u00fcr die gespeicherten Informationen und Inhalte, insbesondere in Foren, Chats, Bloggeneratoren, Kommentaren, sozialen Netzwerken oder anderen Medien, die es Dritten erm\u00f6glichen, Inhalte unabh\u00e4ngig auf der Website des VERANTWORTLICHEN zu ver\u00f6ffentlichen.<br \/>\nIn \u00dcbereinstimmung mit den Bestimmungen der Artikel 11 und 16 des LSSICE stellt er sich jedoch allen Nutzern, Beh\u00f6rden und Sicherheitskr\u00e4ften zur Verf\u00fcgung und arbeitet aktiv an der Entfernung oder gegebenenfalls Sperrung aller Inhalte mit, die die nationale oder internationale Gesetzgebung, die Rechte Dritter oder die Moral und die \u00f6ffentliche Ordnung beeintr\u00e4chtigen oder dagegen versto\u00dfen k\u00f6nnten.<br \/>\nSollte der Nutzer der Ansicht sein, dass es auf der Website Inhalte gibt, die f\u00fcr diese Einstufung in Frage kommen k\u00f6nnten, benachrichtigen Sie bitte umgehend den Administrator der Website.  <\/p>\n<p>Diese Website wurde gepr\u00fcft und getestet, um sicherzustellen, dass sie korrekt funktioniert.<br \/>\nIm Prinzip kann garantiert werden, dass sie 365 Tage im Jahr, 24 Stunden am Tag korrekt funktioniert.<br \/>\nDie VERANTWORTLICHE PARTEI schlie\u00dft jedoch die M\u00f6glichkeit bestimmter Programmierfehler oder das Auftreten von h\u00f6herer Gewalt, Naturkatastrophen, Streiks oder \u00e4hnlichen Umst\u00e4nden, die den Zugriff auf die Website unm\u00f6glich machen, nicht aus.  <\/p>\n<h2>IP-Adressen<\/h2>\n<p>Die Website-Server sind in der Lage, die vom Benutzer verwendete IP-Adresse und den Dom\u00e4nennamen automatisch zu erkennen.<br \/>\nEine IP-Adresse ist eine Nummer, die einem Computer automatisch zugewiesen wird, wenn er sich mit dem Internet verbindet.<br \/>\nAlle diese Informationen werden in einer ordnungsgem\u00e4\u00df registrierten Server-Aktivit\u00e4tsdatei gespeichert, die eine sp\u00e4tere Verarbeitung der Daten erm\u00f6glicht, um rein statistische Messungen zu erhalten, die es erm\u00f6glichen, die Anzahl der Seitenaufrufe, die Anzahl der Besuche auf den Webservern, die Reihenfolge der Besuche, den Zugangspunkt usw. zu ermitteln.  <\/p>\n<h2>4. ANWENDBARES RECHT UND GERICHTSBARKEIT<\/h2>\n<p>F\u00fcr die Beilegung aller Streitigkeiten oder Fragen im Zusammenhang mit dieser Website oder den darin durchgef\u00fchrten Aktivit\u00e4ten gilt die spanische Gesetzgebung, der sich die Parteien ausdr\u00fccklich unterwerfen, und die Gerichte des Wohnsitzes des BENUTZERS oder des Ortes, an dem die Verpflichtung erf\u00fcllt wird, sind f\u00fcr die Beilegung aller Streitigkeiten, die sich aus der Nutzung dieser Website ergeben oder damit zusammenh\u00e4ngen, zust\u00e4ndig.<\/p>\n<p>[\/et_pb_text][\/et_pb_column][\/et_pb_row][\/et_pb_section]<\/p>\n","protected":false},"excerpt":{"rendered":"<p>Rechtlicher HinweisGARDENSTORE, S.L., verantwortlich f\u00fcr die Website, im Folgenden VERANTWORTLICHER genannt, stellt den Nutzern dieses Dokument zur Verf\u00fcgung, mit dem sie den Verpflichtungen des Gesetzes 34\/2002 vom 11. Juli \u00fcber die Dienste der Informationsgesellschaft und den elektronischen Handel (LSSICE), BOE Nr. 166, nachkommen und alle Nutzer der Website \u00fcber die Nutzungsbedingungen informieren m\u00f6chte. Jede Person, [&hellip;]<\/p>\n","protected":false},"author":6,"featured_media":0,"parent":0,"menu_order":0,"comment_status":"closed","ping_status":"closed","template":"","meta":{"_et_pb_use_builder":"on","_et_pb_old_content":"","_et_gb_content_width":"","footnotes":""},"class_list":["post-7682","page","type-page","status-publish","hentry"],"yoast_head":"<!-- This site is optimized with the Yoast SEO plugin v27.4 - https:\/\/yoast.com\/product\/yoast-seo-wordpress\/ -->\n<title>Rechtlicher Hinweis | Mallorca Grass<\/title>\n<meta name=\"description\" content=\"In \u00dcbereinstimmung mit Artikel 10 des Gesetzes 34\/2002 vom 11. Juli \u00fcber die Dienste der Informationsgesellschaft und den elektronischen Handel.\" \/>\n<meta name=\"robots\" content=\"index, follow, max-snippet:-1, max-image-preview:large, max-video-preview:-1\" \/>\n<link rel=\"canonical\" href=\"https:\/\/mallorcagrass.com\/de\/rechtlicher-hinweis\" \/>\n<meta property=\"og:locale\" content=\"de_DE\" \/>\n<meta property=\"og:type\" content=\"article\" \/>\n<meta property=\"og:title\" content=\"Rechtlicher Hinweis | Mallorca Grass\" \/>\n<meta property=\"og:description\" content=\"In \u00dcbereinstimmung mit Artikel 10 des Gesetzes 34\/2002 vom 11. Juli \u00fcber die Dienste der Informationsgesellschaft und den elektronischen Handel.\" \/>\n<meta property=\"og:url\" content=\"https:\/\/mallorcagrass.com\/de\/rechtlicher-hinweis\" \/>\n<meta property=\"og:site_name\" content=\"Mallorca Grass\" \/>\n<meta property=\"article:modified_time\" content=\"2024-10-07T06:41:46+00:00\" \/>\n<meta name=\"twitter:card\" content=\"summary_large_image\" \/>\n<meta name=\"twitter:label1\" content=\"Gesch\u00e4tzte Lesezeit\" \/>\n\t<meta name=\"twitter:data1\" content=\"7\u00a0Minuten\" \/>\n<script type=\"application\/ld+json\" class=\"yoast-schema-graph\">{\"@context\":\"https:\\\/\\\/schema.org\",\"@graph\":[{\"@type\":\"WebPage\",\"@id\":\"https:\\\/\\\/mallorcagrass.com\\\/de\\\/rechtlicher-hinweis\",\"url\":\"https:\\\/\\\/mallorcagrass.com\\\/de\\\/rechtlicher-hinweis\",\"name\":\"Rechtlicher Hinweis | Mallorca Grass\",\"isPartOf\":{\"@id\":\"https:\\\/\\\/mallorcagrass.com\\\/de\\\/#website\"},\"datePublished\":\"2022-09-04T17:37:34+00:00\",\"dateModified\":\"2024-10-07T06:41:46+00:00\",\"description\":\"In \u00dcbereinstimmung mit Artikel 10 des Gesetzes 34\\\/2002 vom 11. Juli \u00fcber die Dienste der Informationsgesellschaft und den elektronischen Handel.\",\"breadcrumb\":{\"@id\":\"https:\\\/\\\/mallorcagrass.com\\\/de\\\/rechtlicher-hinweis#breadcrumb\"},\"inLanguage\":\"de\",\"potentialAction\":[{\"@type\":\"ReadAction\",\"target\":[\"https:\\\/\\\/mallorcagrass.com\\\/de\\\/rechtlicher-hinweis\"]}]},{\"@type\":\"BreadcrumbList\",\"@id\":\"https:\\\/\\\/mallorcagrass.com\\\/de\\\/rechtlicher-hinweis#breadcrumb\",\"itemListElement\":[{\"@type\":\"ListItem\",\"position\":1,\"name\":\"Portada\",\"item\":\"https:\\\/\\\/mallorcagrass.com\\\/de\\\/startseite\"},{\"@type\":\"ListItem\",\"position\":2,\"name\":\"Rechtlicher Hinweis\"}]},{\"@type\":\"WebSite\",\"@id\":\"https:\\\/\\\/mallorcagrass.com\\\/de\\\/#website\",\"url\":\"https:\\\/\\\/mallorcagrass.com\\\/de\\\/\",\"name\":\"Mallorca Grass | C\u00e9sped Artificial en Mallorca\",\"description\":\"\",\"publisher\":{\"@id\":\"https:\\\/\\\/mallorcagrass.com\\\/de\\\/#organization\"},\"potentialAction\":[{\"@type\":\"SearchAction\",\"target\":{\"@type\":\"EntryPoint\",\"urlTemplate\":\"https:\\\/\\\/mallorcagrass.com\\\/de\\\/?s={search_term_string}\"},\"query-input\":{\"@type\":\"PropertyValueSpecification\",\"valueRequired\":true,\"valueName\":\"search_term_string\"}}],\"inLanguage\":\"de\"},{\"@type\":\"Organization\",\"@id\":\"https:\\\/\\\/mallorcagrass.com\\\/de\\\/#organization\",\"name\":\"Mallorca Grass\",\"url\":\"https:\\\/\\\/mallorcagrass.com\\\/de\\\/\",\"logo\":{\"@type\":\"ImageObject\",\"inLanguage\":\"de\",\"@id\":\"https:\\\/\\\/mallorcagrass.com\\\/de\\\/#\\\/schema\\\/logo\\\/image\\\/\",\"url\":\"https:\\\/\\\/mallorcagrass.com\\\/wp-content\\\/uploads\\\/2022\\\/08\\\/Logo_Mallorca-Grass-Verde628x628.jpg\",\"contentUrl\":\"https:\\\/\\\/mallorcagrass.com\\\/wp-content\\\/uploads\\\/2022\\\/08\\\/Logo_Mallorca-Grass-Verde628x628.jpg\",\"width\":628,\"height\":628,\"caption\":\"Mallorca Grass\"},\"image\":{\"@id\":\"https:\\\/\\\/mallorcagrass.com\\\/de\\\/#\\\/schema\\\/logo\\\/image\\\/\"}}]}<\/script>\n<!-- \/ Yoast SEO plugin. -->","yoast_head_json":{"title":"Rechtlicher Hinweis | Mallorca Grass","description":"In \u00dcbereinstimmung mit Artikel 10 des Gesetzes 34\/2002 vom 11. Juli \u00fcber die Dienste der Informationsgesellschaft und den elektronischen Handel.","robots":{"index":"index","follow":"follow","max-snippet":"max-snippet:-1","max-image-preview":"max-image-preview:large","max-video-preview":"max-video-preview:-1"},"canonical":"https:\/\/mallorcagrass.com\/de\/rechtlicher-hinweis","og_locale":"de_DE","og_type":"article","og_title":"Rechtlicher Hinweis | Mallorca Grass","og_description":"In \u00dcbereinstimmung mit Artikel 10 des Gesetzes 34\/2002 vom 11. Juli \u00fcber die Dienste der Informationsgesellschaft und den elektronischen Handel.","og_url":"https:\/\/mallorcagrass.com\/de\/rechtlicher-hinweis","og_site_name":"Mallorca Grass","article_modified_time":"2024-10-07T06:41:46+00:00","twitter_card":"summary_large_image","twitter_misc":{"Gesch\u00e4tzte Lesezeit":"7\u00a0Minuten"},"schema":{"@context":"https:\/\/schema.org","@graph":[{"@type":"WebPage","@id":"https:\/\/mallorcagrass.com\/de\/rechtlicher-hinweis","url":"https:\/\/mallorcagrass.com\/de\/rechtlicher-hinweis","name":"Rechtlicher Hinweis | Mallorca Grass","isPartOf":{"@id":"https:\/\/mallorcagrass.com\/de\/#website"},"datePublished":"2022-09-04T17:37:34+00:00","dateModified":"2024-10-07T06:41:46+00:00","description":"In \u00dcbereinstimmung mit Artikel 10 des Gesetzes 34\/2002 vom 11. Juli \u00fcber die Dienste der Informationsgesellschaft und den elektronischen Handel.","breadcrumb":{"@id":"https:\/\/mallorcagrass.com\/de\/rechtlicher-hinweis#breadcrumb"},"inLanguage":"de","potentialAction":[{"@type":"ReadAction","target":["https:\/\/mallorcagrass.com\/de\/rechtlicher-hinweis"]}]},{"@type":"BreadcrumbList","@id":"https:\/\/mallorcagrass.com\/de\/rechtlicher-hinweis#breadcrumb","itemListElement":[{"@type":"ListItem","position":1,"name":"Portada","item":"https:\/\/mallorcagrass.com\/de\/startseite"},{"@type":"ListItem","position":2,"name":"Rechtlicher Hinweis"}]},{"@type":"WebSite","@id":"https:\/\/mallorcagrass.com\/de\/#website","url":"https:\/\/mallorcagrass.com\/de\/","name":"Mallorca Grass | C\u00e9sped Artificial en Mallorca","description":"","publisher":{"@id":"https:\/\/mallorcagrass.com\/de\/#organization"},"potentialAction":[{"@type":"SearchAction","target":{"@type":"EntryPoint","urlTemplate":"https:\/\/mallorcagrass.com\/de\/?s={search_term_string}"},"query-input":{"@type":"PropertyValueSpecification","valueRequired":true,"valueName":"search_term_string"}}],"inLanguage":"de"},{"@type":"Organization","@id":"https:\/\/mallorcagrass.com\/de\/#organization","name":"Mallorca Grass","url":"https:\/\/mallorcagrass.com\/de\/","logo":{"@type":"ImageObject","inLanguage":"de","@id":"https:\/\/mallorcagrass.com\/de\/#\/schema\/logo\/image\/","url":"https:\/\/mallorcagrass.com\/wp-content\/uploads\/2022\/08\/Logo_Mallorca-Grass-Verde628x628.jpg","contentUrl":"https:\/\/mallorcagrass.com\/wp-content\/uploads\/2022\/08\/Logo_Mallorca-Grass-Verde628x628.jpg","width":628,"height":628,"caption":"Mallorca Grass"},"image":{"@id":"https:\/\/mallorcagrass.com\/de\/#\/schema\/logo\/image\/"}}]}},"_links":{"self":[{"href":"https:\/\/mallorcagrass.com\/de\/wp-json\/wp\/v2\/pages\/7682","targetHints":{"allow":["GET"]}}],"collection":[{"href":"https:\/\/mallorcagrass.com\/de\/wp-json\/wp\/v2\/pages"}],"about":[{"href":"https:\/\/mallorcagrass.com\/de\/wp-json\/wp\/v2\/types\/page"}],"author":[{"embeddable":true,"href":"https:\/\/mallorcagrass.com\/de\/wp-json\/wp\/v2\/users\/6"}],"replies":[{"embeddable":true,"href":"https:\/\/mallorcagrass.com\/de\/wp-json\/wp\/v2\/comments?post=7682"}],"version-history":[{"count":0,"href":"https:\/\/mallorcagrass.com\/de\/wp-json\/wp\/v2\/pages\/7682\/revisions"}],"wp:attachment":[{"href":"https:\/\/mallorcagrass.com\/de\/wp-json\/wp\/v2\/media?parent=7682"}],"curies":[{"name":"wp","href":"https:\/\/api.w.org\/{rel}","templated":true}]}}