{"id":7687,"date":"2022-09-03T09:27:53","date_gmt":"2022-09-03T09:27:53","guid":{"rendered":"https:\/\/mallorcagrass.com\/cookie-richtlinie"},"modified":"2025-06-17T08:17:12","modified_gmt":"2025-06-17T08:17:12","slug":"cookie-richtlinie","status":"publish","type":"page","link":"https:\/\/mallorcagrass.com\/de\/cookie-richtlinie","title":{"rendered":"Cookie-Richtlinie"},"content":{"rendered":"<p>[et_pb_section fb_built=&#8220;1&#8243; _builder_version=&#8220;4.18.0&#8243; custom_padding=&#8220;100px||100px||true|false&#8220; global_colors_info=&#8220;{}&#8220;][et_pb_row _builder_version=&#8220;4.18.0&#8243; background_size=&#8220;initial&#8220; background_position=&#8220;top_left&#8220; background_repeat=&#8220;repeat&#8220; width=&#8220;860px&#8220; animation_style=&#8220;fade&#8220; animation_delay=&#8220;200ms&#8220; global_colors_info=&#8220;{}&#8220;][et_pb_column type=&#8220;4_4&#8243; _builder_version=&#8220;4.16&#8243; custom_padding=&#8220;|||&#8220; global_colors_info=&#8220;{}&#8220; custom_padding__hover=&#8220;|||&#8220;][et_pb_text admin_label=&#8220;Pol\u00edtica de Cookies&#8220; _builder_version=&#8220;4.18.0&#8243; header_font=&#8220;|600|||||||&#8220; header_font_size=&#8220;48px&#8220; header_letter_spacing=&#8220;-1px&#8220; header_line_height=&#8220;1.1em&#8220; background_size=&#8220;initial&#8220; background_position=&#8220;top_left&#8220; background_repeat=&#8220;repeat&#8220; header_font_size_tablet=&#8220;38px&#8220; header_font_size_phone=&#8220;2px&#8220; header_font_size_last_edited=&#8220;on|phone&#8220; global_colors_info=&#8220;{}&#8220;]<\/p>\n<h1>Cookie-Richtlinie<\/h1>\n<p>[\/et_pb_text][et_pb_text _builder_version=&#8220;4.27.4&#8243; _module_preset=&#8220;default&#8220; custom_padding=&#8220;||30px||false|false&#8220; hover_enabled=&#8220;0&#8243; global_colors_info=&#8220;{}&#8220; link_text_color__hover_enabled=&#8220;on|desktop&#8220; link_text_color__hover=&#8220;#fe9638&#8243; admin_label=&#8220;Texto&#8220; sticky_enabled=&#8220;0&#8243;]<\/p>\n<p>Gem\u00e4\u00df dem Gesetz 34\/2002 vom 11. Juli \u00fcber die Dienste der Informationsgesellschaft und den elektronischen Handel (LSSI), in Verbindung mit der Verordnung (EU) 2016\/679 des Europ\u00e4ischen Parlaments und des Rates vom 27. April 2016, General Data Protection Regulation (GDPR) und dem Organgesetz 3\/2018 vom 5. Dezember \u00fcber den Datenschutz und die Garantie der digitalen Rechte (LOPDGDD), ist es obligatorisch, die ausdr\u00fcckliche Zustimmung des Benutzers aller Websites, die entbehrliche Cookies verwenden, einzuholen, bevor der Benutzer sie besucht.<\/p>\n<h2>WAS SIND COOKIES?<\/h2>\n<p><strong> <\/strong><em>Cookies <\/em>und andere \u00e4hnliche Technologien wie Local Shared Objects, <em>Flash-Cookies <\/em>oder Pixel sind Hilfsmittel, die von Webservern verwendet werden, um Informationen \u00fcber ihre Besucher zu speichern und abzurufen und um ein ordnungsgem\u00e4\u00dfes Funktionieren der Website zu gew\u00e4hrleisten.<\/p>\n<p>Die Verwendung dieser Ger\u00e4te erm\u00f6glicht es dem Webserver, sich einige Daten \u00fcber den Benutzer zu merken, z. B. seine Vorlieben f\u00fcr die Anzeige der Seiten dieses Servers, seinen Namen und sein Passwort, die Produkte, f\u00fcr die er sich am meisten interessiert, usw.<\/p>\n<h2>COOKIES, DIE VON DER VERORDNUNG BETROFFEN SIND, UND AUSGENOMMENE COOKIES<\/h2>\n<p>Gem\u00e4\u00df der EU-Richtlinie handelt es sich bei den <em>Cookies <\/em>, die die informierte Zustimmung des Nutzers erfordern, um analytische <em>Cookies <\/em>sowie Werbe- und Partnerschafts-Cookies, mit Ausnahme von technischen Cookies und solchen, die f\u00fcr den Betrieb der Website oder die Erbringung von Dienstleistungen, die vom Nutzer ausdr\u00fccklich gew\u00fcnscht werden, erforderlich sind.<\/p>\n<h2>ARTEN VON COOKIES<\/h2>\n<p><strong>JE NACH ZWECK<\/strong><\/p>\n<p><strong><em>Cookies <\/em><\/strong><strong>technische und funktionale<\/strong> Cookies: Diese erm\u00f6glichen es dem Benutzer, auf einer Website, Plattform oder Anwendung zu surfen und die verschiedenen Optionen oder Dienste zu nutzen, die es dort gibt<em>.<\/em><\/p>\n<p><strong><br \/>\n  <em>Cookies <\/em><br \/>\n<\/strong><strong>Analytische<\/strong> Cookies: Dies sind Cookies, die es dem Verantwortlichen erm\u00f6glichen, das Verhalten der Nutzer der Websites, mit denen sie verkn\u00fcpft sind, zu \u00fcberwachen und zu analysieren. <\/p>\n<p><strong><em>Cookies <\/em><\/strong><strong>Werbe-Cookies: <\/strong>Diese erm\u00f6glichen eine m\u00f6glichst effiziente Verwaltung der Werbefl\u00e4chen, die der Herausgeber gegebenenfalls auf einer Website, einer Anwendung oder einer Plattform, von der aus der angeforderte Dienst erbracht wird, auf der Grundlage von Kriterien wie dem bearbeiteten Inhalt oder der H\u00e4ufigkeit, mit der die Werbung angezeigt wird, eingef\u00fcgt hat.<\/p>\n<p><strong><em>Cookies <\/em><\/strong><strong>Cookies f\u00fcr verhaltensbasierte Werbung<\/strong>: Diese sammeln Informationen \u00fcber die Vorlieben und pers\u00f6nlichen Entscheidungen des Nutzers<em>(Retargeting<\/em>), um eine m\u00f6glichst effiziente Verwaltung der Werbefl\u00e4chen zu erm\u00f6glichen, die der Herausgeber gegebenenfalls auf einer Website, einer Anwendung oder einer Plattform eingerichtet hat, von der aus der angeforderte Dienst bereitgestellt wird.<\/p>\n<p><strong><br \/>\n  <em>Cookies <\/em><br \/>\n<\/strong><strong>Social<\/strong>: Diese werden von Social Media-Plattformen auf den Diensten gesetzt, damit Sie Inhalte mit Ihren Freunden und Netzwerken teilen k\u00f6nnen.  <\/p>\n<p><strong><em>Cookies <\/em><\/strong><strong>Affiliate-Cookies<\/strong>: Diese erm\u00f6glichen die Nachverfolgung von Besuchen von anderen Websites, mit denen die Website einen Partnerschaftsvertrag abgeschlossen hat (Partnerunternehmen).<\/p>\n<p><strong><em>Cookies <\/em><\/strong><strong>Sicherheits-Cookies<\/strong>: Diese speichern verschl\u00fcsselte Informationen, um zu verhindern, dass die in ihnen gespeicherten Daten durch b\u00f6swillige Angriffe Dritter angreifbar sind.<\/p>\n<h2>JE NACH EIGENTUMSVERH\u00c4LTNISSEN<\/h2>\n<p><strong> <\/strong><strong><em>Cookies <\/em><\/strong><strong>eigene<\/strong>: Diese werden von einem Computer oder einer Dom\u00e4ne, die vom Herausgeber selbst verwaltet wird und von der aus der vom Benutzer angeforderte Dienst bereitgestellt wird, an das Endger\u00e4t des Benutzers gesendet.<\/p>\n<p><strong><em>Cookies <\/em><\/strong><strong>Cookies von Drittanbietern: <\/strong>Cookies, die von einem Computer oder einer Dom\u00e4ne, die nicht vom Herausgeber, sondern von einer anderen Einrichtung, die die durch die Cookies erhaltenen Daten verarbeitet, an das Endger\u00e4t des Benutzers gesendet werden.<\/p>\n<h2>ENTSPRECHEND DER HALTBARKEITSDAUER<\/h2>\n<p><strong><em>Cookies <\/em><\/strong><strong>Sitzungscookies: <\/strong>Dies sind eine Art von <em>Cookies <\/em>, die dazu dienen, Daten zu sammeln und zu speichern, w\u00e4hrend der Benutzer eine Webseite aufruft.<\/p>\n<p><strong><em>Cookies <\/em><\/strong><strong>Dauerhafte Cookies: Hierbei <\/strong>handelt es sich um eine Art von Cookie, bei dem die Daten auf dem Endger\u00e4t gespeichert bleiben und f\u00fcr einen von der f\u00fcr das <em>Cookie<\/em> verantwortlichen Partei festgelegten Zeitraum, der von einigen Minuten bis zu mehreren Jahren reichen kann, abgerufen und verarbeitet werden k\u00f6nnen.<\/p>\n<h2>VERARBEITUNG VON PERSONENBEZOGENEN DATEN<\/h2>\n<p>GARDENSTORE, S.L. ist der <strong>f\u00fcr die <\/strong>Verarbeitung der personenbezogenen Daten der <strong>betroffenen Person <\/strong>Verantwortliche und teilt Ihnen mit, dass diese Daten gem\u00e4\u00df den Bestimmungen der Verordnung (EU) 2016\/679 vom 27. April 2016 (GDPR) verarbeitet werden, f\u00fcr die Sie die folgenden Verarbeitungsinformationen erhalten:<\/p>\n<p><strong>Zwecke der Verarbeitung: <\/strong>wie im Abschnitt \u00fcber die auf dieser Website verwendeten <em>Cookies <\/em>angegeben.<\/p>\n<p><strong>Legitimation der Verarbeitung<\/strong>: au\u00dfer in den F\u00e4llen, in denen sie f\u00fcr das Surfen auf der Website erforderlich ist, durch die Zustimmung der betroffenen Person (Art. 6.1 GDPR).<\/p>\n<p><strong>Kriterien f\u00fcr die Datenspeicherung<\/strong>: wie im Abschnitt \u00fcber die auf der Website verwendeten <em>Cookies <\/em>angegeben.<\/p>\n<p><strong>Weitergabe von Daten<\/strong>: Die Daten werden nicht an Dritte weitergegeben, es sei denn, es handelt sich um Cookies, die Dritten geh\u00f6ren, oder um eine gesetzliche Verpflichtung.<\/p>\n<h2>Rechte der interessierten Partei:<\/h2>\n<ul>\n<li>Recht auf jederzeitigen Widerruf der Zustimmung<\/li>\n<li>Recht auf Zugang, Berichtigung, \u00dcbertragbarkeit und L\u00f6schung Ihrer Daten sowie das Recht, die Verwendung Ihrer Daten einzuschr\u00e4nken oder abzulehnen.<\/li>\n<li>Das Recht, eine Beschwerde bei der Aufsichtsbeh\u00f6rde (www.aepd.es) einzureichen, wenn Sie der Ansicht sind, dass die Verarbeitung nicht mit den Vorschriften \u00fcbereinstimmt.<\/li>\n<\/ul>\n<h2>Kontaktinformationen f\u00fcr die Aus\u00fcbung Ihrer Rechte:<\/h2>\n<p>GARDENSTORE, S.L.. Ctra. del Copero 6, Nave B m\u00f3dulo1, VGP Park &#8211; 41703 Dos Hermanas (Sevilla). E- Mail: <a href=\"mailto:info@gardenstore.es\">info@gardenstore.es<\/a>   <\/p>\n<h2>AUF DIESER WEBSITE VERWENDETE COOKIES<\/h2>\n<div>[wcc_cookies_audit_table]<\/div>\n<p>&nbsp;<\/p>\n<table>\n<tbody>\n<tr>\n<td colspan=\"3\" width=\"641\"><strong>WIE SIE COOKIES \u00dcBER IHREN BROWSER VERWALTEN K\u00d6NNEN<\/strong><\/td>\n<\/tr>\n<tr>\n<td colspan=\"2\" width=\"192\">\n<p>&nbsp;<\/p>\n<p><strong>L\u00f6schen Sie Cookies von Ihrem Ger\u00e4t<\/strong><\/p>\n<\/td>\n<td width=\"449\">\n<p>Cookies, die sich bereits auf einem Ger\u00e4t befinden, k\u00f6nnen gel\u00f6scht werden, indem Sie den Browserverlauf l\u00f6schen, wodurch Cookies von allen besuchten Websites gel\u00f6scht werden.<\/p>\n<p>Allerdings k\u00f6nnen auch einige der gespeicherten Informationen (z.B. Anmeldedaten oder Website-Einstellungen) verloren gehen.<\/p>\n<\/td>\n<\/tr>\n<tr>\n<td colspan=\"2\" width=\"192\"><strong>Website-spezifische Cookies verwalten<\/strong><\/td>\n<td width=\"449\">Um eine genauere Kontrolle \u00fcber standortspezifische Cookies zu haben, k\u00f6nnen Benutzer ihre Datenschutz- und Cookie-Einstellungen in ihrem Browser anpassen.<\/td>\n<\/tr>\n<tr>\n<td colspan=\"2\" width=\"192\">\n<p>&nbsp;<\/p>\n<p>&nbsp;<\/p>\n<p><strong>Block<\/strong> <strong>die<\/strong> <strong>Cookies<\/strong><\/p>\n<\/td>\n<td width=\"449\">Obwohl die meisten modernen Browser so eingestellt werden k\u00f6nnen, dass sie die Installation von Cookies auf Ihrem Ger\u00e4t verhindern, kann es erforderlich sein, dass Sie bestimmte Einstellungen bei jedem Besuch einer Website oder Seite manuell anpassen m\u00fcssen. Au\u00dferdem funktionieren einige Dienste und Funktionen m\u00f6glicherweise nicht richtig (z. B. Profilanmeldungen). <\/td>\n<\/tr>\n<tr>\n<td colspan=\"3\" width=\"641\"><strong>WIE SIE COOKIES AUS DEN G\u00c4NGIGSTEN BROWSERN L\u00d6SCHEN<\/strong><\/td>\n<\/tr>\n<tr>\n<td width=\"81\"><strong>Chrom<\/strong><\/td>\n<td colspan=\"2\" width=\"560\"><a href=\"http:\/\/support.google.com\/chrome\/answer\/95647?hl=es\">http:\/\/support.google.com\/chrome\/answer\/95647?hl=es<\/a><\/td>\n<\/tr>\n<tr>\n<td width=\"81\"><strong>Rand<\/strong><\/td>\n<td colspan=\"2\" width=\"560\"><a href=\"https:\/\/support.microsoft.com\/es-es\/microsoft-edge\/eliminar-las-cookies-en-microsoft-edge-63947406-40ac-c3b8-57b9-2a946a29ae09\">https:\/\/support.microsoft.com\/es-es\/microsoft-edge\/eliminar-las-cookies-en-microsoft-edge-63947406-40ac-c3b8-57b9-2a946a29ae09<\/a><\/td>\n<\/tr>\n<tr>\n<td width=\"81\"><strong>Entdecker<\/strong><\/td>\n<td colspan=\"2\" width=\"560\"><a href=\"https:\/\/support.microsoft.com\/es-es\/help\/278835\/how-to-delete-cookie-files-in-internet-explorer\">https:\/\/support.microsoft.com\/es-es\/help\/278835\/how-to-delete-cookie-files-in-internet-explorer<\/a><\/td>\n<\/tr>\n<tr>\n<td width=\"81\"><strong>Firefox<\/strong><\/td>\n<td colspan=\"2\" width=\"560\"><a href=\"https:\/\/www.mozilla.org\/es-ES\/privacy\/websites\/#cookies\">https:\/\/www.mozilla.org\/es-ES\/privacy\/websites\/#cookies<\/a><\/td>\n<\/tr>\n<tr>\n<td width=\"81\"><strong>Safari<\/strong><\/td>\n<td colspan=\"2\" width=\"560\"><a href=\"https:\/\/support.apple.com\/es-es\/guide\/safari\/sfri11471\/mac\">https:\/\/support.apple.com\/es-es\/guide\/safari\/sfri11471\/mac<\/a><\/td>\n<\/tr>\n<tr>\n<td width=\"81\"><strong>Oper<\/strong><\/td>\n<td colspan=\"2\" width=\"560\"><a href=\"https:\/\/help.opera.com\/en\/latest\/security-and-privacy\/#clearBrowsingData\">https:\/\/help.opera.com\/en\/latest\/security-and-privacy\/#clearBrowsingData<\/a><\/td>\n<\/tr>\n<tr>\n<td width=\"81\"> <\/td>\n<td width=\"111\"> <\/td>\n<td width=\"449\"> <\/td>\n<\/tr>\n<\/tbody>\n<\/table>\n<p>&nbsp;<\/p>\n<p>[\/et_pb_text][\/et_pb_column][\/et_pb_row][\/et_pb_section]<\/p>\n","protected":false},"excerpt":{"rendered":"<p>Cookie-RichtlinieGem\u00e4\u00df dem Gesetz 34\/2002 vom 11. Juli \u00fcber die Dienste der Informationsgesellschaft und den elektronischen Handel (LSSI), in Verbindung mit der Verordnung (EU) 2016\/679 des Europ\u00e4ischen Parlaments und des Rates vom 27. April 2016, General Data Protection Regulation (GDPR) und dem Organgesetz 3\/2018 vom 5. Dezember \u00fcber den Datenschutz und die Garantie der digitalen Rechte [&hellip;]<\/p>\n","protected":false},"author":6,"featured_media":0,"parent":0,"menu_order":0,"comment_status":"closed","ping_status":"closed","template":"","meta":{"_et_pb_use_builder":"on","_et_pb_old_content":"","_et_gb_content_width":"","footnotes":""},"class_list":["post-7687","page","type-page","status-publish","hentry"],"yoast_head":"<!-- This site is optimized with the Yoast SEO plugin v27.4 - https:\/\/yoast.com\/product\/yoast-seo-wordpress\/ -->\n<title>Cookie-Richtlinie | Mallorca Grass<\/title>\n<meta name=\"description\" content=\"Wir stellen den Nutzern die Cookies-Politik unserer Website in \u00dcbereinstimmung mit den in Europa geltenden Vorschriften zur Verf\u00fcgung.\" \/>\n<meta name=\"robots\" content=\"index, follow, max-snippet:-1, max-image-preview:large, max-video-preview:-1\" \/>\n<link rel=\"canonical\" href=\"https:\/\/mallorcagrass.com\/de\/cookie-richtlinie\" \/>\n<meta property=\"og:locale\" content=\"de_DE\" \/>\n<meta property=\"og:type\" content=\"article\" \/>\n<meta property=\"og:title\" content=\"Cookie-Richtlinie | Mallorca Grass\" \/>\n<meta property=\"og:description\" content=\"Wir stellen den Nutzern die Cookies-Politik unserer Website in \u00dcbereinstimmung mit den in Europa geltenden Vorschriften zur Verf\u00fcgung.\" \/>\n<meta property=\"og:url\" content=\"https:\/\/mallorcagrass.com\/de\/cookie-richtlinie\" \/>\n<meta property=\"og:site_name\" content=\"Mallorca Grass\" \/>\n<meta property=\"article:modified_time\" content=\"2025-06-17T08:17:12+00:00\" \/>\n<meta name=\"twitter:card\" content=\"summary_large_image\" \/>\n<meta name=\"twitter:label1\" content=\"Gesch\u00e4tzte Lesezeit\" \/>\n\t<meta name=\"twitter:data1\" content=\"6\u00a0Minuten\" \/>\n<script type=\"application\/ld+json\" class=\"yoast-schema-graph\">{\"@context\":\"https:\\\/\\\/schema.org\",\"@graph\":[{\"@type\":\"WebPage\",\"@id\":\"https:\\\/\\\/mallorcagrass.com\\\/de\\\/cookie-richtlinie\",\"url\":\"https:\\\/\\\/mallorcagrass.com\\\/de\\\/cookie-richtlinie\",\"name\":\"Cookie-Richtlinie | Mallorca Grass\",\"isPartOf\":{\"@id\":\"https:\\\/\\\/mallorcagrass.com\\\/de\\\/#website\"},\"datePublished\":\"2022-09-03T09:27:53+00:00\",\"dateModified\":\"2025-06-17T08:17:12+00:00\",\"description\":\"Wir stellen den Nutzern die Cookies-Politik unserer Website in \u00dcbereinstimmung mit den in Europa geltenden Vorschriften zur Verf\u00fcgung.\",\"breadcrumb\":{\"@id\":\"https:\\\/\\\/mallorcagrass.com\\\/de\\\/cookie-richtlinie#breadcrumb\"},\"inLanguage\":\"de\",\"potentialAction\":[{\"@type\":\"ReadAction\",\"target\":[\"https:\\\/\\\/mallorcagrass.com\\\/de\\\/cookie-richtlinie\"]}]},{\"@type\":\"BreadcrumbList\",\"@id\":\"https:\\\/\\\/mallorcagrass.com\\\/de\\\/cookie-richtlinie#breadcrumb\",\"itemListElement\":[{\"@type\":\"ListItem\",\"position\":1,\"name\":\"Portada\",\"item\":\"https:\\\/\\\/mallorcagrass.com\\\/de\\\/startseite\"},{\"@type\":\"ListItem\",\"position\":2,\"name\":\"Cookie-Richtlinie\"}]},{\"@type\":\"WebSite\",\"@id\":\"https:\\\/\\\/mallorcagrass.com\\\/de\\\/#website\",\"url\":\"https:\\\/\\\/mallorcagrass.com\\\/de\\\/\",\"name\":\"Mallorca Grass | C\u00e9sped Artificial en Mallorca\",\"description\":\"\",\"publisher\":{\"@id\":\"https:\\\/\\\/mallorcagrass.com\\\/de\\\/#organization\"},\"potentialAction\":[{\"@type\":\"SearchAction\",\"target\":{\"@type\":\"EntryPoint\",\"urlTemplate\":\"https:\\\/\\\/mallorcagrass.com\\\/de\\\/?s={search_term_string}\"},\"query-input\":{\"@type\":\"PropertyValueSpecification\",\"valueRequired\":true,\"valueName\":\"search_term_string\"}}],\"inLanguage\":\"de\"},{\"@type\":\"Organization\",\"@id\":\"https:\\\/\\\/mallorcagrass.com\\\/de\\\/#organization\",\"name\":\"Mallorca Grass\",\"url\":\"https:\\\/\\\/mallorcagrass.com\\\/de\\\/\",\"logo\":{\"@type\":\"ImageObject\",\"inLanguage\":\"de\",\"@id\":\"https:\\\/\\\/mallorcagrass.com\\\/de\\\/#\\\/schema\\\/logo\\\/image\\\/\",\"url\":\"https:\\\/\\\/mallorcagrass.com\\\/wp-content\\\/uploads\\\/2022\\\/08\\\/Logo_Mallorca-Grass-Verde628x628.jpg\",\"contentUrl\":\"https:\\\/\\\/mallorcagrass.com\\\/wp-content\\\/uploads\\\/2022\\\/08\\\/Logo_Mallorca-Grass-Verde628x628.jpg\",\"width\":628,\"height\":628,\"caption\":\"Mallorca Grass\"},\"image\":{\"@id\":\"https:\\\/\\\/mallorcagrass.com\\\/de\\\/#\\\/schema\\\/logo\\\/image\\\/\"}}]}<\/script>\n<!-- \/ Yoast SEO plugin. -->","yoast_head_json":{"title":"Cookie-Richtlinie | Mallorca Grass","description":"Wir stellen den Nutzern die Cookies-Politik unserer Website in \u00dcbereinstimmung mit den in Europa geltenden Vorschriften zur Verf\u00fcgung.","robots":{"index":"index","follow":"follow","max-snippet":"max-snippet:-1","max-image-preview":"max-image-preview:large","max-video-preview":"max-video-preview:-1"},"canonical":"https:\/\/mallorcagrass.com\/de\/cookie-richtlinie","og_locale":"de_DE","og_type":"article","og_title":"Cookie-Richtlinie | Mallorca Grass","og_description":"Wir stellen den Nutzern die Cookies-Politik unserer Website in \u00dcbereinstimmung mit den in Europa geltenden Vorschriften zur Verf\u00fcgung.","og_url":"https:\/\/mallorcagrass.com\/de\/cookie-richtlinie","og_site_name":"Mallorca Grass","article_modified_time":"2025-06-17T08:17:12+00:00","twitter_card":"summary_large_image","twitter_misc":{"Gesch\u00e4tzte Lesezeit":"6\u00a0Minuten"},"schema":{"@context":"https:\/\/schema.org","@graph":[{"@type":"WebPage","@id":"https:\/\/mallorcagrass.com\/de\/cookie-richtlinie","url":"https:\/\/mallorcagrass.com\/de\/cookie-richtlinie","name":"Cookie-Richtlinie | Mallorca Grass","isPartOf":{"@id":"https:\/\/mallorcagrass.com\/de\/#website"},"datePublished":"2022-09-03T09:27:53+00:00","dateModified":"2025-06-17T08:17:12+00:00","description":"Wir stellen den Nutzern die Cookies-Politik unserer Website in \u00dcbereinstimmung mit den in Europa geltenden Vorschriften zur Verf\u00fcgung.","breadcrumb":{"@id":"https:\/\/mallorcagrass.com\/de\/cookie-richtlinie#breadcrumb"},"inLanguage":"de","potentialAction":[{"@type":"ReadAction","target":["https:\/\/mallorcagrass.com\/de\/cookie-richtlinie"]}]},{"@type":"BreadcrumbList","@id":"https:\/\/mallorcagrass.com\/de\/cookie-richtlinie#breadcrumb","itemListElement":[{"@type":"ListItem","position":1,"name":"Portada","item":"https:\/\/mallorcagrass.com\/de\/startseite"},{"@type":"ListItem","position":2,"name":"Cookie-Richtlinie"}]},{"@type":"WebSite","@id":"https:\/\/mallorcagrass.com\/de\/#website","url":"https:\/\/mallorcagrass.com\/de\/","name":"Mallorca Grass | C\u00e9sped Artificial en Mallorca","description":"","publisher":{"@id":"https:\/\/mallorcagrass.com\/de\/#organization"},"potentialAction":[{"@type":"SearchAction","target":{"@type":"EntryPoint","urlTemplate":"https:\/\/mallorcagrass.com\/de\/?s={search_term_string}"},"query-input":{"@type":"PropertyValueSpecification","valueRequired":true,"valueName":"search_term_string"}}],"inLanguage":"de"},{"@type":"Organization","@id":"https:\/\/mallorcagrass.com\/de\/#organization","name":"Mallorca Grass","url":"https:\/\/mallorcagrass.com\/de\/","logo":{"@type":"ImageObject","inLanguage":"de","@id":"https:\/\/mallorcagrass.com\/de\/#\/schema\/logo\/image\/","url":"https:\/\/mallorcagrass.com\/wp-content\/uploads\/2022\/08\/Logo_Mallorca-Grass-Verde628x628.jpg","contentUrl":"https:\/\/mallorcagrass.com\/wp-content\/uploads\/2022\/08\/Logo_Mallorca-Grass-Verde628x628.jpg","width":628,"height":628,"caption":"Mallorca Grass"},"image":{"@id":"https:\/\/mallorcagrass.com\/de\/#\/schema\/logo\/image\/"}}]}},"_links":{"self":[{"href":"https:\/\/mallorcagrass.com\/de\/wp-json\/wp\/v2\/pages\/7687","targetHints":{"allow":["GET"]}}],"collection":[{"href":"https:\/\/mallorcagrass.com\/de\/wp-json\/wp\/v2\/pages"}],"about":[{"href":"https:\/\/mallorcagrass.com\/de\/wp-json\/wp\/v2\/types\/page"}],"author":[{"embeddable":true,"href":"https:\/\/mallorcagrass.com\/de\/wp-json\/wp\/v2\/users\/6"}],"replies":[{"embeddable":true,"href":"https:\/\/mallorcagrass.com\/de\/wp-json\/wp\/v2\/comments?post=7687"}],"version-history":[{"count":0,"href":"https:\/\/mallorcagrass.com\/de\/wp-json\/wp\/v2\/pages\/7687\/revisions"}],"wp:attachment":[{"href":"https:\/\/mallorcagrass.com\/de\/wp-json\/wp\/v2\/media?parent=7687"}],"curies":[{"name":"wp","href":"https:\/\/api.w.org\/{rel}","templated":true}]}}